{"id":22989109,"date":"2023-06-21T14:06:02","date_gmt":"2023-06-21T12:06:02","guid":{"rendered":"https:\/\/develop.visionmedia.nu\/sockerslottet\/om-rummen\/"},"modified":"2026-02-02T15:14:18","modified_gmt":"2026-02-02T14:14:18","slug":"om-rummen","status":"publish","type":"page","link":"https:\/\/sockerslottet.com\/en\/om-rummen\/","title":{"rendered":"About the rooms"},"content":{"rendered":"<p>[et_pb_section fb_built=&#8221;1&#8243; custom_padding_last_edited=&#8221;on|phone&#8221; _builder_version=&#8221;4.22.2&#8243; _module_preset=&#8221;default&#8221; background_color=&#8221;rgba(0,0,0,0.3)&#8221; background_image=&#8221;https:\/\/sockerslottet.com\/wp-content\/uploads\/2023\/08\/header_om.jpeg&#8221; background_position=&#8221;bottom_center&#8221; background_vertical_offset=&#8221;44%&#8221; background_blend=&#8221;overlay&#8221; height_last_edited=&#8221;off|phone&#8221; custom_margin=&#8221;||0px||false|false&#8221; custom_padding=&#8221;40vh||35vh||false|false&#8221; custom_padding_tablet=&#8221;35vh||25vh||false|false&#8221; custom_padding_phone=&#8221;25vh||25vh||true|false&#8221; locked=&#8221;off&#8221; global_colors_info=&#8221;{}&#8221;][et_pb_row _builder_version=&#8221;4.20.2&#8243; _module_preset=&#8221;default&#8221; positioning=&#8221;absolute&#8221; position_origin_a=&#8221;center_center&#8221; width=&#8221;90%&#8221; max_width=&#8221;1280px&#8221; custom_margin=&#8221;0px||0px||false|false&#8221; custom_padding=&#8221;0px||0px||false|false&#8221; global_colors_info=&#8221;{}&#8221;][et_pb_column type=&#8221;4_4&#8243; _builder_version=&#8221;4.17.4&#8243; _module_preset=&#8221;default&#8221; global_colors_info=&#8221;{}&#8221;][et_pb_text _builder_version=&#8221;4.21.2&#8243; _module_preset=&#8221;default&#8221; header_font=&#8221;Alice||||||||&#8221; header_text_align=&#8221;left&#8221; header_text_color=&#8221;#FFFFFF&#8221; header_font_size=&#8221;64px&#8221; header_line_height=&#8221;1.2em&#8221; custom_margin=&#8221;10%||10px||false|false&#8221; custom_padding=&#8221;0px||0px||false|false&#8221; animation_style=&#8221;slide&#8221; animation_direction=&#8221;bottom&#8221; animation_duration=&#8221;850ms&#8221; animation_intensity_slide=&#8221;10%&#8221; header_font_size_tablet=&#8221;64px&#8221; header_font_size_phone=&#8221;35px&#8221; header_font_size_last_edited=&#8221;on|phone&#8221; header_text_shadow_style=&#8221;preset3&#8243; global_colors_info=&#8221;{}&#8221;]<\/p>\n<h1>About the rooms<\/h1>\n<p>&nbsp;<\/p>\n<p>[\/et_pb_text][et_pb_button button_url=&#8221;@ET-DC@eyJkeW5hbWljIjp0cnVlLCJjb250ZW50IjoicG9zdF9saW5rX3VybF9wYWdlIiwic2V0dGluZ3MiOnsicG9zdF9pZCI6IjIyOTkwNjkyIiwiZW5hYmxlX2h0bWwiOiJvZmYifX0=@&#8221; button_text=&#8221;Book a room&#8221; button_alignment=&#8221;left&#8221; _builder_version=&#8221;4.25.0&#8243; _dynamic_attributes=&#8221;button_url&#8221; _module_preset=&#8221;default&#8221; custom_button=&#8221;on&#8221; button_text_size=&#8221;13px&#8221; button_text_color=&#8221;#FFFFFF&#8221; button_bg_color=&#8221;#202020&#8243; button_border_width=&#8221;1px&#8221; button_border_color=&#8221;#af874c&#8221; button_border_radius=&#8221;0px&#8221; button_letter_spacing=&#8221;3px&#8221; button_font=&#8221;Nunito|800||on|||||&#8221; button_use_icon=&#8221;off&#8221; custom_margin=&#8221;0px||0px||false|false&#8221; custom_padding=&#8221;18px|35px|18px|35px|false|false&#8221; animation_style=&#8221;slide&#8221; animation_direction=&#8221;bottom&#8221; animation_duration=&#8221;850ms&#8221; animation_delay=&#8221;200ms&#8221; animation_intensity_slide=&#8221;10%&#8221; global_colors_info=&#8221;{}&#8221; button_text_color__hover_enabled=&#8221;on|hover&#8221; button_text_color__hover=&#8221;#FFFFFF&#8221; button_bg_color__hover_enabled=&#8221;on|desktop&#8221; button_bg_color__hover=&#8221;#202020&#8243; button_bg_enable_color__hover=&#8221;on&#8221; button_letter_spacing__hover_enabled=&#8221;on|hover&#8221; button_letter_spacing__hover=&#8221;1px&#8221;][\/et_pb_button][\/et_pb_column][\/et_pb_row][\/et_pb_section][et_pb_section fb_built=&#8221;1&#8243; custom_padding_last_edited=&#8221;on|phone&#8221; _builder_version=&#8221;4.22.2&#8243; _module_preset=&#8221;default&#8221; background_color=&#8221;#f9f8f6&#8243; custom_margin=&#8221;0px||0px||false|false&#8221; custom_padding=&#8221;135px||135px||false|false&#8221; custom_padding_tablet=&#8221;90px||90px||true|false&#8221; custom_padding_phone=&#8221;40px||40px||true|false&#8221; global_colors_info=&#8221;{}&#8221;][et_pb_row _builder_version=&#8221;4.21.0&#8243; _module_preset=&#8221;default&#8221; width=&#8221;90%&#8221; max_width=&#8221;815px&#8221; custom_margin=&#8221;0px||85px||false|false&#8221; custom_padding=&#8221;0px||||false|false&#8221; global_colors_info=&#8221;{}&#8221;][et_pb_column type=&#8221;4_4&#8243; _builder_version=&#8221;4.21.0&#8243; _module_preset=&#8221;default&#8221; custom_padding=&#8221;||||false|false&#8221; custom_padding_tablet=&#8221;|||0px|false|false&#8221; custom_padding_phone=&#8221;|||0px|false|false&#8221; custom_padding_last_edited=&#8221;on|tablet&#8221; animation_style=&#8221;slide&#8221; animation_direction=&#8221;top&#8221; animation_duration=&#8221;800ms&#8221; animation_delay=&#8221;200ms&#8221; animation_intensity_slide=&#8221;5%&#8221; custom_css_main_element=&#8221;margin:auto;&#8221; global_colors_info=&#8221;{}&#8221;][et_pb_text _builder_version=&#8221;4.21.0&#8243; _module_preset=&#8221;default&#8221; header_4_font=&#8221;Nunito||||||||&#8221; header_4_text_align=&#8221;center&#8221; header_4_text_color=&#8221;#af874c&#8221; header_4_font_size=&#8221;14px&#8221; header_4_letter_spacing=&#8221;1px&#8221; custom_margin=&#8221;0px||0px||false|false&#8221; custom_padding=&#8221;0px||0px||false|false&#8221; locked=&#8221;off&#8221; global_colors_info=&#8221;{}&#8221;]<\/p>\n<h4><span>Sockerslottet<\/span><\/h4>\n<p>[\/et_pb_text][et_pb_text _builder_version=&#8221;4.21.0&#8243; _module_preset=&#8221;default&#8221; header_2_font=&#8221;Alice||||||||&#8221; header_2_text_align=&#8221;center&#8221; header_2_text_color=&#8221;#3e3e3e&#8221; header_2_font_size=&#8221;48px&#8221; header_2_line_height=&#8221;1.2em&#8221; custom_margin=&#8221;0px||25px||false|false&#8221; custom_padding=&#8221;0px||0px||false|false&#8221; header_2_font_size_tablet=&#8221;48px&#8221; header_2_font_size_phone=&#8221;30px&#8221; header_2_font_size_last_edited=&#8221;on|phone&#8221; global_colors_info=&#8221;{}&#8221;]<\/p>\n<h2>Our rooms<\/h2>\n<p>[\/et_pb_text][et_pb_text _builder_version=&#8221;4.22.2&#8243; _module_preset=&#8221;default&#8221; text_font=&#8221;Nunito||||||||&#8221; text_text_color=&#8221;#3e3e3e&#8221; text_font_size=&#8221;18px&#8221; text_line_height=&#8221;1.4em&#8221; text_orientation=&#8221;center&#8221; custom_margin=&#8221;0px||0px||false|false&#8221; custom_padding=&#8221;25px||25px||false|false&#8221; text_font_size_tablet=&#8221;18px&#8221; text_font_size_phone=&#8221;16px&#8221; text_font_size_last_edited=&#8221;on|phone&#8221; border_width_top=&#8221;1px&#8221; border_color_top=&#8221;#af874c&#8221; border_width_bottom=&#8221;1px&#8221; border_color_bottom=&#8221;#af874c&#8221; locked=&#8221;off&#8221; global_colors_info=&#8221;{}&#8221;]<\/p>\n<p>The rooms are all different but with the same high standard. The double beds with pressure-relieving memory foam mattresses, duvets and pillows and selected cotton bed linen will make you wake up refreshed the next day.<\/p>\n<p>All rooms have a desk if you need to work, and there is free Wifi throughout the hotel. If you want to relax with other things, all rooms are equipped with a 43\u2033 flat smart TV with several channels and entertainment. Vill du koppla av med annat \u00e4r alla rum utrustade med 43\u201d platta smart TV med flera kanaler och underh\u00e5llning.<\/p>\n<p>The rooms are also equipped with bathrobes, slippers and steam ironing or steamer facilities. The luxury bathrooms have underfloor heating and showers, make up mirrors, and hairdryers. Guest amenities by Rituals are all supplied as standard in each room.<\/p>\n<p>[\/et_pb_text][\/et_pb_column][\/et_pb_row][et_pb_row use_custom_gutter=&#8221;on&#8221; gutter_width=&#8221;2&#8243; make_equal=&#8221;on&#8221; _builder_version=&#8221;4.21.0&#8243; _module_preset=&#8221;default&#8221; width=&#8221;100%&#8221; max_width=&#8221;100%&#8221; custom_margin=&#8221;||||false|false&#8221; custom_padding=&#8221;||||false|false&#8221; global_colors_info=&#8221;{}&#8221;][et_pb_column type=&#8221;4_4&#8243; _builder_version=&#8221;4.21.0&#8243; _module_preset=&#8221;default&#8221; custom_padding=&#8221;||||false|false&#8221; custom_padding_tablet=&#8221;|||0px|false|false&#8221; custom_padding_phone=&#8221;|||0px|false|false&#8221; custom_padding_last_edited=&#8221;on|tablet&#8221; animation_style=&#8221;slide&#8221; animation_direction=&#8221;top&#8221; animation_duration=&#8221;800ms&#8221; animation_delay=&#8221;200ms&#8221; animation_intensity_slide=&#8221;5%&#8221; custom_css_main_element=&#8221;margin:auto;&#8221; global_colors_info=&#8221;{}&#8221;][dipi_masonry_gallery gallery_ids=&#8221;22988560,22990514,22988562,22988563,22988566,22988565,22988564,22990516&#8243; columns=&#8221;3&#8243; _builder_version=&#8221;4.24.2&#8243; _module_preset=&#8221;default&#8221; border_color_all_grid_item=&#8221;#FFFFFF&#8221; global_colors_info=&#8221;{}&#8221;][\/dipi_masonry_gallery][\/et_pb_column][\/et_pb_row][\/et_pb_section]<\/p>\n","protected":false},"excerpt":{"rendered":"<p>About the rooms &nbsp;SockerslottetOur roomsThe rooms are all different but with the same high standard. The double beds with pressure-relieving memory foam mattresses, duvets and pillows and selected cotton bed linen will make you wake up refreshed the next day. All rooms have a desk if you need to work, and there is free Wifi [&hellip;]<\/p>\n","protected":false},"author":4,"featured_media":0,"parent":0,"menu_order":0,"comment_status":"closed","ping_status":"closed","template":"","meta":{"_et_pb_use_builder":"on","_et_pb_old_content":"","_et_gb_content_width":"","footnotes":""},"dipi_cpt_category":[],"class_list":["post-22989109","page","type-page","status-publish","hentry"],"yoast_head":"<!-- This site is optimized with the Yoast SEO plugin v27.3 - https:\/\/yoast.com\/product\/yoast-seo-wordpress\/ -->\n<title>About the rooms - Sockerslottet<\/title>\n<meta name=\"robots\" content=\"index, follow, max-snippet:-1, max-image-preview:large, max-video-preview:-1\" \/>\n<link rel=\"canonical\" href=\"https:\/\/sockerslottet.com\/en\/om-rummen\/\" \/>\n<meta property=\"og:locale\" content=\"en_US\" \/>\n<meta property=\"og:type\" content=\"article\" \/>\n<meta property=\"og:title\" content=\"About the rooms - Sockerslottet\" \/>\n<meta property=\"og:description\" content=\"About the rooms &nbsp;SockerslottetOur roomsThe rooms are all different but with the same high standard. The double beds with pressure-relieving memory foam mattresses, duvets and pillows and selected cotton bed linen will make you wake up refreshed the next day. All rooms have a desk if you need to work, and there is free Wifi [&hellip;]\" \/>\n<meta property=\"og:url\" content=\"https:\/\/sockerslottet.com\/en\/om-rummen\/\" \/>\n<meta property=\"og:site_name\" content=\"Sockerslottet\" \/>\n<meta property=\"article:publisher\" content=\"https:\/\/www.facebook.com\/Sockerslottet\" \/>\n<meta property=\"article:modified_time\" content=\"2026-02-02T14:14:18+00:00\" \/>\n<meta name=\"twitter:card\" content=\"summary_large_image\" \/>\n<meta name=\"twitter:label1\" content=\"Est. reading time\" \/>\n\t<meta name=\"twitter:data1\" content=\"5 minutes\" \/>\n<script type=\"application\/ld+json\" class=\"yoast-schema-graph\">{\"@context\":\"https:\\\/\\\/schema.org\",\"@graph\":[{\"@type\":\"WebPage\",\"@id\":\"https:\\\/\\\/sockerslottet.com\\\/en\\\/om-rummen\\\/\",\"url\":\"https:\\\/\\\/sockerslottet.com\\\/en\\\/om-rummen\\\/\",\"name\":\"About the rooms - Sockerslottet\",\"isPartOf\":{\"@id\":\"https:\\\/\\\/sockerslottet.com\\\/#website\"},\"datePublished\":\"2023-06-21T12:06:02+00:00\",\"dateModified\":\"2026-02-02T14:14:18+00:00\",\"breadcrumb\":{\"@id\":\"https:\\\/\\\/sockerslottet.com\\\/en\\\/om-rummen\\\/#breadcrumb\"},\"inLanguage\":\"en-US\",\"potentialAction\":[{\"@type\":\"ReadAction\",\"target\":[\"https:\\\/\\\/sockerslottet.com\\\/en\\\/om-rummen\\\/\"]}]},{\"@type\":\"BreadcrumbList\",\"@id\":\"https:\\\/\\\/sockerslottet.com\\\/en\\\/om-rummen\\\/#breadcrumb\",\"itemListElement\":[{\"@type\":\"ListItem\",\"position\":1,\"name\":\"Hem\",\"item\":\"https:\\\/\\\/sockerslottet.com\\\/en\\\/startsida\\\/\"},{\"@type\":\"ListItem\",\"position\":2,\"name\":\"About the rooms\"}]},{\"@type\":\"WebSite\",\"@id\":\"https:\\\/\\\/sockerslottet.com\\\/#website\",\"url\":\"https:\\\/\\\/sockerslottet.com\\\/\",\"name\":\"Sockerslottet\",\"description\":\"Chokladbutiken i Sockerslottet, Sockerslottets Hotell, v\u00e5ra olika webbutiker eller om du \u00e4r intresserad av att best\u00e4lla en t\u00e5rta, g\u00e5 p\u00e5 kurs eller komma i kontakt med Gunilla Wall\",\"publisher\":{\"@id\":\"https:\\\/\\\/sockerslottet.com\\\/#organization\"},\"potentialAction\":[{\"@type\":\"SearchAction\",\"target\":{\"@type\":\"EntryPoint\",\"urlTemplate\":\"https:\\\/\\\/sockerslottet.com\\\/?s={search_term_string}\"},\"query-input\":{\"@type\":\"PropertyValueSpecification\",\"valueRequired\":true,\"valueName\":\"search_term_string\"}}],\"inLanguage\":\"en-US\"},{\"@type\":\"Organization\",\"@id\":\"https:\\\/\\\/sockerslottet.com\\\/#organization\",\"name\":\"Sockerslottet\",\"url\":\"https:\\\/\\\/sockerslottet.com\\\/\",\"logo\":{\"@type\":\"ImageObject\",\"inLanguage\":\"en-US\",\"@id\":\"https:\\\/\\\/sockerslottet.com\\\/#\\\/schema\\\/logo\\\/image\\\/\",\"url\":\"https:\\\/\\\/sockerslottet.com\\\/wp-content\\\/uploads\\\/2023\\\/06\\\/sockerslottet_logotyp.png\",\"contentUrl\":\"https:\\\/\\\/sockerslottet.com\\\/wp-content\\\/uploads\\\/2023\\\/06\\\/sockerslottet_logotyp.png\",\"width\":300,\"height\":176,\"caption\":\"Sockerslottet\"},\"image\":{\"@id\":\"https:\\\/\\\/sockerslottet.com\\\/#\\\/schema\\\/logo\\\/image\\\/\"},\"sameAs\":[\"https:\\\/\\\/www.facebook.com\\\/Sockerslottet\",\"https:\\\/\\\/www.instagram.com\\\/sockerslottet\\\/\"]}]}<\/script>\n<!-- \/ Yoast SEO plugin. -->","yoast_head_json":{"title":"About the rooms - Sockerslottet","robots":{"index":"index","follow":"follow","max-snippet":"max-snippet:-1","max-image-preview":"max-image-preview:large","max-video-preview":"max-video-preview:-1"},"canonical":"https:\/\/sockerslottet.com\/en\/om-rummen\/","og_locale":"en_US","og_type":"article","og_title":"About the rooms - Sockerslottet","og_description":"About the rooms &nbsp;SockerslottetOur roomsThe rooms are all different but with the same high standard. The double beds with pressure-relieving memory foam mattresses, duvets and pillows and selected cotton bed linen will make you wake up refreshed the next day. All rooms have a desk if you need to work, and there is free Wifi [&hellip;]","og_url":"https:\/\/sockerslottet.com\/en\/om-rummen\/","og_site_name":"Sockerslottet","article_publisher":"https:\/\/www.facebook.com\/Sockerslottet","article_modified_time":"2026-02-02T14:14:18+00:00","twitter_card":"summary_large_image","twitter_misc":{"Est. reading time":"5 minutes"},"schema":{"@context":"https:\/\/schema.org","@graph":[{"@type":"WebPage","@id":"https:\/\/sockerslottet.com\/en\/om-rummen\/","url":"https:\/\/sockerslottet.com\/en\/om-rummen\/","name":"About the rooms - Sockerslottet","isPartOf":{"@id":"https:\/\/sockerslottet.com\/#website"},"datePublished":"2023-06-21T12:06:02+00:00","dateModified":"2026-02-02T14:14:18+00:00","breadcrumb":{"@id":"https:\/\/sockerslottet.com\/en\/om-rummen\/#breadcrumb"},"inLanguage":"en-US","potentialAction":[{"@type":"ReadAction","target":["https:\/\/sockerslottet.com\/en\/om-rummen\/"]}]},{"@type":"BreadcrumbList","@id":"https:\/\/sockerslottet.com\/en\/om-rummen\/#breadcrumb","itemListElement":[{"@type":"ListItem","position":1,"name":"Hem","item":"https:\/\/sockerslottet.com\/en\/startsida\/"},{"@type":"ListItem","position":2,"name":"About the rooms"}]},{"@type":"WebSite","@id":"https:\/\/sockerslottet.com\/#website","url":"https:\/\/sockerslottet.com\/","name":"Sockerslottet","description":"Chokladbutiken i Sockerslottet, Sockerslottets Hotell, v\u00e5ra olika webbutiker eller om du \u00e4r intresserad av att best\u00e4lla en t\u00e5rta, g\u00e5 p\u00e5 kurs eller komma i kontakt med Gunilla Wall","publisher":{"@id":"https:\/\/sockerslottet.com\/#organization"},"potentialAction":[{"@type":"SearchAction","target":{"@type":"EntryPoint","urlTemplate":"https:\/\/sockerslottet.com\/?s={search_term_string}"},"query-input":{"@type":"PropertyValueSpecification","valueRequired":true,"valueName":"search_term_string"}}],"inLanguage":"en-US"},{"@type":"Organization","@id":"https:\/\/sockerslottet.com\/#organization","name":"Sockerslottet","url":"https:\/\/sockerslottet.com\/","logo":{"@type":"ImageObject","inLanguage":"en-US","@id":"https:\/\/sockerslottet.com\/#\/schema\/logo\/image\/","url":"https:\/\/sockerslottet.com\/wp-content\/uploads\/2023\/06\/sockerslottet_logotyp.png","contentUrl":"https:\/\/sockerslottet.com\/wp-content\/uploads\/2023\/06\/sockerslottet_logotyp.png","width":300,"height":176,"caption":"Sockerslottet"},"image":{"@id":"https:\/\/sockerslottet.com\/#\/schema\/logo\/image\/"},"sameAs":["https:\/\/www.facebook.com\/Sockerslottet","https:\/\/www.instagram.com\/sockerslottet\/"]}]}},"_links":{"self":[{"href":"https:\/\/sockerslottet.com\/en\/wp-json\/wp\/v2\/pages\/22989109","targetHints":{"allow":["GET"]}}],"collection":[{"href":"https:\/\/sockerslottet.com\/en\/wp-json\/wp\/v2\/pages"}],"about":[{"href":"https:\/\/sockerslottet.com\/en\/wp-json\/wp\/v2\/types\/page"}],"author":[{"embeddable":true,"href":"https:\/\/sockerslottet.com\/en\/wp-json\/wp\/v2\/users\/4"}],"replies":[{"embeddable":true,"href":"https:\/\/sockerslottet.com\/en\/wp-json\/wp\/v2\/comments?post=22989109"}],"version-history":[{"count":47,"href":"https:\/\/sockerslottet.com\/en\/wp-json\/wp\/v2\/pages\/22989109\/revisions"}],"predecessor-version":[{"id":22991234,"href":"https:\/\/sockerslottet.com\/en\/wp-json\/wp\/v2\/pages\/22989109\/revisions\/22991234"}],"wp:attachment":[{"href":"https:\/\/sockerslottet.com\/en\/wp-json\/wp\/v2\/media?parent=22989109"}],"wp:term":[{"taxonomy":"dipi_cpt_category","embeddable":true,"href":"https:\/\/sockerslottet.com\/en\/wp-json\/wp\/v2\/dipi_cpt_category?post=22989109"}],"curies":[{"name":"wp","href":"https:\/\/api.w.org\/{rel}","templated":true}]}}