{"id":22989597,"date":"2023-09-22T14:50:29","date_gmt":"2023-09-22T12:50:29","guid":{"rendered":"https:\/\/develop.visionmedia.nu\/sockerslottet\/?post_type=product&#038;p=22989597"},"modified":"2026-04-01T10:47:15","modified_gmt":"2026-04-01T08:47:15","slug":"chokladkaka-mjolkchoklad-med-viol-och-lakrits","status":"publish","type":"product","link":"https:\/\/sockerslottet.com\/en\/produkt\/chokladkaka-mjolkchoklad-med-viol-och-lakrits\/","title":{"rendered":"Chokladkaka, mj\u00f6lkchoklad med viol och lakrits"},"content":{"rendered":"<p>Chokladkaka ca 100g, mj\u00f6lkchoklad 36,5% med kanderad viol och lakrits<\/p>\n<div>\n<div>kakaomassa, socker, kakaosm\u00f6r, skumMJ\u00d6LKSpulver, VASSLEpulver, MJ\u00d6LKfett, helMJ\u00d6LKspulver, kanderad viol, r\u00e5lakrits, naturlig vanilj, SOJAlecitin (E322)<\/div>\n<div>Kan inneh\u00e5lla sp\u00e5r av mandel och n\u00f6tter.<\/div>\n<p>Choklad f\u00f6rvaras och avnjuts b\u00e4st vid 16-20\u00b0<\/p>\n<\/div>\n","protected":false},"excerpt":{"rendered":"<p>Chokladkaka ca 100g, mj\u00f6lkchoklad 36,5% med kanderad viol och lakrits kakaomassa, socker, kakaosm\u00f6r, skumMJ\u00d6LKSpulver, VASSLEpulver, MJ\u00d6LKfett, helMJ\u00d6LKspulver, kanderad viol, r\u00e5lakrits, naturlig vanilj, SOJAlecitin (E322) Kan inneh\u00e5lla sp\u00e5r av mandel och n\u00f6tter. Choklad f\u00f6rvaras och avnjuts b\u00e4st vid 16-20\u00b0<\/p>\n","protected":false},"featured_media":22991130,"comment_status":"open","ping_status":"closed","template":"","meta":{"_et_pb_use_builder":"","_et_pb_old_content":"","_et_gb_content_width":""},"product_brand":[],"product_cat":[43],"product_tag":[],"class_list":{"0":"post-22989597","1":"product","2":"type-product","3":"status-publish","4":"has-post-thumbnail","6":"product_cat-chokladkakor","8":"first","9":"instock","10":"taxable","11":"shipping-taxable","12":"purchasable","13":"product-type-simple"},"yoast_head":"<!-- This site is optimized with the Yoast SEO plugin v27.4 - https:\/\/yoast.com\/product\/yoast-seo-wordpress\/ -->\n<title>Chokladkaka, mj\u00f6lkchoklad med viol och lakrits - Sockerslottet<\/title>\n<meta name=\"robots\" content=\"index, follow, max-snippet:-1, max-image-preview:large, max-video-preview:-1\" \/>\n<link rel=\"canonical\" href=\"https:\/\/sockerslottet.com\/produkt\/chokladkaka-mjolkchoklad-med-viol-och-lakrits\/\" \/>\n<meta property=\"og:locale\" content=\"en_US\" \/>\n<meta property=\"og:type\" content=\"article\" \/>\n<meta property=\"og:title\" content=\"Chokladkaka, mj\u00f6lkchoklad med viol och lakrits - Sockerslottet\" \/>\n<meta property=\"og:description\" content=\"Chokladkaka ca 100g, mj\u00f6lkchoklad 36,5% med kanderad viol och lakrits kakaomassa, socker, kakaosm\u00f6r, skumMJ\u00d6LKSpulver, VASSLEpulver, MJ\u00d6LKfett, helMJ\u00d6LKspulver, kanderad viol, r\u00e5lakrits, naturlig vanilj, SOJAlecitin (E322) Kan inneh\u00e5lla sp\u00e5r av mandel och n\u00f6tter. Choklad f\u00f6rvaras och avnjuts b\u00e4st vid 16-20\u00b0\" \/>\n<meta property=\"og:url\" content=\"https:\/\/sockerslottet.com\/produkt\/chokladkaka-mjolkchoklad-med-viol-och-lakrits\/\" \/>\n<meta property=\"og:site_name\" content=\"Sockerslottet\" \/>\n<meta property=\"article:publisher\" content=\"https:\/\/www.facebook.com\/Sockerslottet\" \/>\n<meta property=\"article:modified_time\" content=\"2026-04-01T08:47:15+00:00\" \/>\n<meta property=\"og:image\" content=\"https:\/\/sockerslottet.com\/wp-content\/uploads\/2023\/10\/Mjolk-viol-lakrits.jpg\" \/>\n\t<meta property=\"og:image:width\" content=\"2048\" \/>\n\t<meta property=\"og:image:height\" content=\"2048\" \/>\n\t<meta property=\"og:image:type\" content=\"image\/jpeg\" \/>\n<meta name=\"twitter:card\" content=\"summary_large_image\" \/>\n<script type=\"application\/ld+json\" class=\"yoast-schema-graph\">{\"@context\":\"https:\\\/\\\/schema.org\",\"@graph\":[{\"@type\":\"WebPage\",\"@id\":\"https:\\\/\\\/sockerslottet.com\\\/produkt\\\/chokladkaka-mjolkchoklad-med-viol-och-lakrits\\\/\",\"url\":\"https:\\\/\\\/sockerslottet.com\\\/produkt\\\/chokladkaka-mjolkchoklad-med-viol-och-lakrits\\\/\",\"name\":\"Chokladkaka, mj\u00f6lkchoklad med viol och lakrits - Sockerslottet\",\"isPartOf\":{\"@id\":\"https:\\\/\\\/sockerslottet.com\\\/#website\"},\"primaryImageOfPage\":{\"@id\":\"https:\\\/\\\/sockerslottet.com\\\/produkt\\\/chokladkaka-mjolkchoklad-med-viol-och-lakrits\\\/#primaryimage\"},\"image\":{\"@id\":\"https:\\\/\\\/sockerslottet.com\\\/produkt\\\/chokladkaka-mjolkchoklad-med-viol-och-lakrits\\\/#primaryimage\"},\"thumbnailUrl\":\"https:\\\/\\\/sockerslottet.com\\\/wp-content\\\/uploads\\\/2023\\\/10\\\/Mjolk-viol-lakrits.jpg\",\"datePublished\":\"2023-09-22T12:50:29+00:00\",\"dateModified\":\"2026-04-01T08:47:15+00:00\",\"breadcrumb\":{\"@id\":\"https:\\\/\\\/sockerslottet.com\\\/produkt\\\/chokladkaka-mjolkchoklad-med-viol-och-lakrits\\\/#breadcrumb\"},\"inLanguage\":\"en-US\",\"potentialAction\":[{\"@type\":\"ReadAction\",\"target\":[\"https:\\\/\\\/sockerslottet.com\\\/produkt\\\/chokladkaka-mjolkchoklad-med-viol-och-lakrits\\\/\"]}]},{\"@type\":\"ImageObject\",\"inLanguage\":\"en-US\",\"@id\":\"https:\\\/\\\/sockerslottet.com\\\/produkt\\\/chokladkaka-mjolkchoklad-med-viol-och-lakrits\\\/#primaryimage\",\"url\":\"https:\\\/\\\/sockerslottet.com\\\/wp-content\\\/uploads\\\/2023\\\/10\\\/Mjolk-viol-lakrits.jpg\",\"contentUrl\":\"https:\\\/\\\/sockerslottet.com\\\/wp-content\\\/uploads\\\/2023\\\/10\\\/Mjolk-viol-lakrits.jpg\",\"width\":2048,\"height\":2048},{\"@type\":\"BreadcrumbList\",\"@id\":\"https:\\\/\\\/sockerslottet.com\\\/produkt\\\/chokladkaka-mjolkchoklad-med-viol-och-lakrits\\\/#breadcrumb\",\"itemListElement\":[{\"@type\":\"ListItem\",\"position\":1,\"name\":\"Hem\",\"item\":\"https:\\\/\\\/sockerslottet.com\\\/en\\\/startsida\\\/\"},{\"@type\":\"ListItem\",\"position\":2,\"name\":\"Chokladkaka, mj\u00f6lkchoklad med viol och lakrits\"}]},{\"@type\":\"WebSite\",\"@id\":\"https:\\\/\\\/sockerslottet.com\\\/#website\",\"url\":\"https:\\\/\\\/sockerslottet.com\\\/\",\"name\":\"Sockerslottet\",\"description\":\"Chokladbutiken i Sockerslottet, Sockerslottets Hotell, v\u00e5ra olika webbutiker eller om du \u00e4r intresserad av att best\u00e4lla en t\u00e5rta, g\u00e5 p\u00e5 kurs eller komma i kontakt med Gunilla Wall\",\"publisher\":{\"@id\":\"https:\\\/\\\/sockerslottet.com\\\/#organization\"},\"potentialAction\":[{\"@type\":\"SearchAction\",\"target\":{\"@type\":\"EntryPoint\",\"urlTemplate\":\"https:\\\/\\\/sockerslottet.com\\\/?s={search_term_string}\"},\"query-input\":{\"@type\":\"PropertyValueSpecification\",\"valueRequired\":true,\"valueName\":\"search_term_string\"}}],\"inLanguage\":\"en-US\"},{\"@type\":\"Organization\",\"@id\":\"https:\\\/\\\/sockerslottet.com\\\/#organization\",\"name\":\"Sockerslottet\",\"url\":\"https:\\\/\\\/sockerslottet.com\\\/\",\"logo\":{\"@type\":\"ImageObject\",\"inLanguage\":\"en-US\",\"@id\":\"https:\\\/\\\/sockerslottet.com\\\/#\\\/schema\\\/logo\\\/image\\\/\",\"url\":\"https:\\\/\\\/sockerslottet.com\\\/wp-content\\\/uploads\\\/2023\\\/06\\\/sockerslottet_logotyp.png\",\"contentUrl\":\"https:\\\/\\\/sockerslottet.com\\\/wp-content\\\/uploads\\\/2023\\\/06\\\/sockerslottet_logotyp.png\",\"width\":300,\"height\":176,\"caption\":\"Sockerslottet\"},\"image\":{\"@id\":\"https:\\\/\\\/sockerslottet.com\\\/#\\\/schema\\\/logo\\\/image\\\/\"},\"sameAs\":[\"https:\\\/\\\/www.facebook.com\\\/Sockerslottet\",\"https:\\\/\\\/www.instagram.com\\\/sockerslottet\\\/\"]}]}<\/script>\n<!-- \/ Yoast SEO plugin. -->","yoast_head_json":{"title":"Chokladkaka, mj\u00f6lkchoklad med viol och lakrits - Sockerslottet","robots":{"index":"index","follow":"follow","max-snippet":"max-snippet:-1","max-image-preview":"max-image-preview:large","max-video-preview":"max-video-preview:-1"},"canonical":"https:\/\/sockerslottet.com\/produkt\/chokladkaka-mjolkchoklad-med-viol-och-lakrits\/","og_locale":"en_US","og_type":"article","og_title":"Chokladkaka, mj\u00f6lkchoklad med viol och lakrits - Sockerslottet","og_description":"Chokladkaka ca 100g, mj\u00f6lkchoklad 36,5% med kanderad viol och lakrits kakaomassa, socker, kakaosm\u00f6r, skumMJ\u00d6LKSpulver, VASSLEpulver, MJ\u00d6LKfett, helMJ\u00d6LKspulver, kanderad viol, r\u00e5lakrits, naturlig vanilj, SOJAlecitin (E322) Kan inneh\u00e5lla sp\u00e5r av mandel och n\u00f6tter. Choklad f\u00f6rvaras och avnjuts b\u00e4st vid 16-20\u00b0","og_url":"https:\/\/sockerslottet.com\/produkt\/chokladkaka-mjolkchoklad-med-viol-och-lakrits\/","og_site_name":"Sockerslottet","article_publisher":"https:\/\/www.facebook.com\/Sockerslottet","article_modified_time":"2026-04-01T08:47:15+00:00","og_image":[{"width":2048,"height":2048,"url":"https:\/\/sockerslottet.com\/wp-content\/uploads\/2023\/10\/Mjolk-viol-lakrits.jpg","type":"image\/jpeg"}],"twitter_card":"summary_large_image","schema":{"@context":"https:\/\/schema.org","@graph":[{"@type":"WebPage","@id":"https:\/\/sockerslottet.com\/produkt\/chokladkaka-mjolkchoklad-med-viol-och-lakrits\/","url":"https:\/\/sockerslottet.com\/produkt\/chokladkaka-mjolkchoklad-med-viol-och-lakrits\/","name":"Chokladkaka, mj\u00f6lkchoklad med viol och lakrits - Sockerslottet","isPartOf":{"@id":"https:\/\/sockerslottet.com\/#website"},"primaryImageOfPage":{"@id":"https:\/\/sockerslottet.com\/produkt\/chokladkaka-mjolkchoklad-med-viol-och-lakrits\/#primaryimage"},"image":{"@id":"https:\/\/sockerslottet.com\/produkt\/chokladkaka-mjolkchoklad-med-viol-och-lakrits\/#primaryimage"},"thumbnailUrl":"https:\/\/sockerslottet.com\/wp-content\/uploads\/2023\/10\/Mjolk-viol-lakrits.jpg","datePublished":"2023-09-22T12:50:29+00:00","dateModified":"2026-04-01T08:47:15+00:00","breadcrumb":{"@id":"https:\/\/sockerslottet.com\/produkt\/chokladkaka-mjolkchoklad-med-viol-och-lakrits\/#breadcrumb"},"inLanguage":"en-US","potentialAction":[{"@type":"ReadAction","target":["https:\/\/sockerslottet.com\/produkt\/chokladkaka-mjolkchoklad-med-viol-och-lakrits\/"]}]},{"@type":"ImageObject","inLanguage":"en-US","@id":"https:\/\/sockerslottet.com\/produkt\/chokladkaka-mjolkchoklad-med-viol-och-lakrits\/#primaryimage","url":"https:\/\/sockerslottet.com\/wp-content\/uploads\/2023\/10\/Mjolk-viol-lakrits.jpg","contentUrl":"https:\/\/sockerslottet.com\/wp-content\/uploads\/2023\/10\/Mjolk-viol-lakrits.jpg","width":2048,"height":2048},{"@type":"BreadcrumbList","@id":"https:\/\/sockerslottet.com\/produkt\/chokladkaka-mjolkchoklad-med-viol-och-lakrits\/#breadcrumb","itemListElement":[{"@type":"ListItem","position":1,"name":"Hem","item":"https:\/\/sockerslottet.com\/en\/startsida\/"},{"@type":"ListItem","position":2,"name":"Chokladkaka, mj\u00f6lkchoklad med viol och lakrits"}]},{"@type":"WebSite","@id":"https:\/\/sockerslottet.com\/#website","url":"https:\/\/sockerslottet.com\/","name":"Sockerslottet","description":"Chokladbutiken i Sockerslottet, Sockerslottets Hotell, v\u00e5ra olika webbutiker eller om du \u00e4r intresserad av att best\u00e4lla en t\u00e5rta, g\u00e5 p\u00e5 kurs eller komma i kontakt med Gunilla Wall","publisher":{"@id":"https:\/\/sockerslottet.com\/#organization"},"potentialAction":[{"@type":"SearchAction","target":{"@type":"EntryPoint","urlTemplate":"https:\/\/sockerslottet.com\/?s={search_term_string}"},"query-input":{"@type":"PropertyValueSpecification","valueRequired":true,"valueName":"search_term_string"}}],"inLanguage":"en-US"},{"@type":"Organization","@id":"https:\/\/sockerslottet.com\/#organization","name":"Sockerslottet","url":"https:\/\/sockerslottet.com\/","logo":{"@type":"ImageObject","inLanguage":"en-US","@id":"https:\/\/sockerslottet.com\/#\/schema\/logo\/image\/","url":"https:\/\/sockerslottet.com\/wp-content\/uploads\/2023\/06\/sockerslottet_logotyp.png","contentUrl":"https:\/\/sockerslottet.com\/wp-content\/uploads\/2023\/06\/sockerslottet_logotyp.png","width":300,"height":176,"caption":"Sockerslottet"},"image":{"@id":"https:\/\/sockerslottet.com\/#\/schema\/logo\/image\/"},"sameAs":["https:\/\/www.facebook.com\/Sockerslottet","https:\/\/www.instagram.com\/sockerslottet\/"]}]}},"_links":{"self":[{"href":"https:\/\/sockerslottet.com\/en\/wp-json\/wp\/v2\/product\/22989597","targetHints":{"allow":["GET"]}}],"collection":[{"href":"https:\/\/sockerslottet.com\/en\/wp-json\/wp\/v2\/product"}],"about":[{"href":"https:\/\/sockerslottet.com\/en\/wp-json\/wp\/v2\/types\/product"}],"replies":[{"embeddable":true,"href":"https:\/\/sockerslottet.com\/en\/wp-json\/wp\/v2\/comments?post=22989597"}],"wp:featuredmedia":[{"embeddable":true,"href":"https:\/\/sockerslottet.com\/en\/wp-json\/wp\/v2\/media\/22991130"}],"wp:attachment":[{"href":"https:\/\/sockerslottet.com\/en\/wp-json\/wp\/v2\/media?parent=22989597"}],"wp:term":[{"taxonomy":"product_brand","embeddable":true,"href":"https:\/\/sockerslottet.com\/en\/wp-json\/wp\/v2\/product_brand?post=22989597"},{"taxonomy":"product_cat","embeddable":true,"href":"https:\/\/sockerslottet.com\/en\/wp-json\/wp\/v2\/product_cat?post=22989597"},{"taxonomy":"product_tag","embeddable":true,"href":"https:\/\/sockerslottet.com\/en\/wp-json\/wp\/v2\/product_tag?post=22989597"}],"curies":[{"name":"wp","href":"https:\/\/api.w.org\/{rel}","templated":true}]}}