{"id":22989704,"date":"2023-10-02T17:41:16","date_gmt":"2023-10-02T15:41:16","guid":{"rendered":"https:\/\/develop.visionmedia.nu\/sockerslottet\/?post_type=product&#038;p=22989704"},"modified":"2026-04-01T10:56:06","modified_gmt":"2026-04-01T08:56:06","slug":"drickchoklad-chokladsked-2-pack","status":"publish","type":"product","link":"https:\/\/sockerslottet.com\/en\/produkt\/drickchoklad-chokladsked-2-pack\/","title":{"rendered":"Drickchoklad chokladsked 2-pack"},"content":{"rendered":"<p>Liten tr\u00e4sked med choklad. L\u00e5t chokladen sm\u00e4lta i en kopp varm mj\u00f6lk, r\u00f6r om ordentligt och chokladen \u00e4r f\u00e4rdig att dricka.ca 25g\/st<\/p>\n<p>Ingredienser:<br \/>\nM\u00f6rk choklad: Kakaomassa, socker, kakaosm\u00f6r,SOJAlecitin, naturlig vaniljarom<br \/>\nMj\u00f6lkchoklad: Socker, kakaosm\u00f6r, skumMJ\u00d6LKpulver, kakaomassa, VASSLEPULVER, vattenfritt MJ\u00d6LKfett, helMJ\u00d6LKpulver, SOJAlecitin, naturlig vaniljarom<\/p>\n<p>Kan inneh\u00e5lla sp\u00e5r av gluten, mandel och n\u00f6tter<\/p>\n","protected":false},"excerpt":{"rendered":"<p>Liten tr\u00e4sked med choklad. L\u00e5t chokladen sm\u00e4lta i en kopp varm mj\u00f6lk, r\u00f6r om ordentligt och chokladen \u00e4r f\u00e4rdig att dricka.ca 25g\/st Ingredienser: M\u00f6rk choklad: Kakaomassa, socker, kakaosm\u00f6r,SOJAlecitin, naturlig vaniljarom Mj\u00f6lkchoklad: Socker, kakaosm\u00f6r, skumMJ\u00d6LKpulver, kakaomassa, VASSLEPULVER, vattenfritt MJ\u00d6LKfett, helMJ\u00d6LKpulver, SOJAlecitin, naturlig vaniljarom Kan inneh\u00e5lla sp\u00e5r av gluten, mandel och n\u00f6tter<\/p>\n","protected":false},"featured_media":22989697,"comment_status":"open","ping_status":"closed","template":"","meta":{"_et_pb_use_builder":"","_et_pb_old_content":"","_et_gb_content_width":""},"product_brand":[],"product_cat":[24],"product_tag":[],"class_list":{"0":"post-22989704","1":"product","2":"type-product","3":"status-publish","4":"has-post-thumbnail","6":"product_cat-ovrigt","8":"first","9":"instock","10":"taxable","11":"shipping-taxable","12":"purchasable","13":"product-type-variable"},"yoast_head":"<!-- This site is optimized with the Yoast SEO plugin v27.3 - https:\/\/yoast.com\/product\/yoast-seo-wordpress\/ -->\n<title>Drickchoklad chokladsked 2-pack - Sockerslottet<\/title>\n<meta name=\"robots\" content=\"index, follow, max-snippet:-1, max-image-preview:large, max-video-preview:-1\" \/>\n<link rel=\"canonical\" href=\"https:\/\/sockerslottet.com\/produkt\/drickchoklad-chokladsked-2-pack\/\" \/>\n<meta property=\"og:locale\" content=\"en_US\" \/>\n<meta property=\"og:type\" content=\"article\" \/>\n<meta property=\"og:title\" content=\"Drickchoklad chokladsked 2-pack - Sockerslottet\" \/>\n<meta property=\"og:description\" content=\"Liten tr\u00e4sked med choklad. L\u00e5t chokladen sm\u00e4lta i en kopp varm mj\u00f6lk, r\u00f6r om ordentligt och chokladen \u00e4r f\u00e4rdig att dricka.ca 25g\/st Ingredienser: M\u00f6rk choklad: Kakaomassa, socker, kakaosm\u00f6r,SOJAlecitin, naturlig vaniljarom Mj\u00f6lkchoklad: Socker, kakaosm\u00f6r, skumMJ\u00d6LKpulver, kakaomassa, VASSLEPULVER, vattenfritt MJ\u00d6LKfett, helMJ\u00d6LKpulver, SOJAlecitin, naturlig vaniljarom Kan inneh\u00e5lla sp\u00e5r av gluten, mandel och n\u00f6tter\" \/>\n<meta property=\"og:url\" content=\"https:\/\/sockerslottet.com\/produkt\/drickchoklad-chokladsked-2-pack\/\" \/>\n<meta property=\"og:site_name\" content=\"Sockerslottet\" \/>\n<meta property=\"article:publisher\" content=\"https:\/\/www.facebook.com\/Sockerslottet\" \/>\n<meta property=\"article:modified_time\" content=\"2026-04-01T08:56:06+00:00\" \/>\n<meta property=\"og:image\" content=\"https:\/\/sockerslottet.com\/wp-content\/uploads\/2023\/10\/Drickchoklad-scaled.jpg\" \/>\n\t<meta property=\"og:image:width\" content=\"2560\" \/>\n\t<meta property=\"og:image:height\" content=\"2443\" \/>\n\t<meta property=\"og:image:type\" content=\"image\/jpeg\" \/>\n<meta name=\"twitter:card\" content=\"summary_large_image\" \/>\n<meta name=\"twitter:label1\" content=\"Est. reading time\" \/>\n\t<meta name=\"twitter:data1\" content=\"1 minute\" \/>\n<script type=\"application\/ld+json\" class=\"yoast-schema-graph\">{\"@context\":\"https:\\\/\\\/schema.org\",\"@graph\":[{\"@type\":\"WebPage\",\"@id\":\"https:\\\/\\\/sockerslottet.com\\\/produkt\\\/drickchoklad-chokladsked-2-pack\\\/\",\"url\":\"https:\\\/\\\/sockerslottet.com\\\/produkt\\\/drickchoklad-chokladsked-2-pack\\\/\",\"name\":\"Drickchoklad chokladsked 2-pack - Sockerslottet\",\"isPartOf\":{\"@id\":\"https:\\\/\\\/sockerslottet.com\\\/#website\"},\"primaryImageOfPage\":{\"@id\":\"https:\\\/\\\/sockerslottet.com\\\/produkt\\\/drickchoklad-chokladsked-2-pack\\\/#primaryimage\"},\"image\":{\"@id\":\"https:\\\/\\\/sockerslottet.com\\\/produkt\\\/drickchoklad-chokladsked-2-pack\\\/#primaryimage\"},\"thumbnailUrl\":\"https:\\\/\\\/sockerslottet.com\\\/wp-content\\\/uploads\\\/2023\\\/10\\\/Drickchoklad-scaled.jpg\",\"datePublished\":\"2023-10-02T15:41:16+00:00\",\"dateModified\":\"2026-04-01T08:56:06+00:00\",\"breadcrumb\":{\"@id\":\"https:\\\/\\\/sockerslottet.com\\\/produkt\\\/drickchoklad-chokladsked-2-pack\\\/#breadcrumb\"},\"inLanguage\":\"en-US\",\"potentialAction\":[{\"@type\":\"ReadAction\",\"target\":[\"https:\\\/\\\/sockerslottet.com\\\/produkt\\\/drickchoklad-chokladsked-2-pack\\\/\"]}]},{\"@type\":\"ImageObject\",\"inLanguage\":\"en-US\",\"@id\":\"https:\\\/\\\/sockerslottet.com\\\/produkt\\\/drickchoklad-chokladsked-2-pack\\\/#primaryimage\",\"url\":\"https:\\\/\\\/sockerslottet.com\\\/wp-content\\\/uploads\\\/2023\\\/10\\\/Drickchoklad-scaled.jpg\",\"contentUrl\":\"https:\\\/\\\/sockerslottet.com\\\/wp-content\\\/uploads\\\/2023\\\/10\\\/Drickchoklad-scaled.jpg\",\"width\":2560,\"height\":2443},{\"@type\":\"BreadcrumbList\",\"@id\":\"https:\\\/\\\/sockerslottet.com\\\/produkt\\\/drickchoklad-chokladsked-2-pack\\\/#breadcrumb\",\"itemListElement\":[{\"@type\":\"ListItem\",\"position\":1,\"name\":\"Hem\",\"item\":\"https:\\\/\\\/sockerslottet.com\\\/en\\\/startsida\\\/\"},{\"@type\":\"ListItem\",\"position\":2,\"name\":\"Drickchoklad chokladsked 2-pack\"}]},{\"@type\":\"WebSite\",\"@id\":\"https:\\\/\\\/sockerslottet.com\\\/#website\",\"url\":\"https:\\\/\\\/sockerslottet.com\\\/\",\"name\":\"Sockerslottet\",\"description\":\"Chokladbutiken i Sockerslottet, Sockerslottets Hotell, v\u00e5ra olika webbutiker eller om du \u00e4r intresserad av att best\u00e4lla en t\u00e5rta, g\u00e5 p\u00e5 kurs eller komma i kontakt med Gunilla Wall\",\"publisher\":{\"@id\":\"https:\\\/\\\/sockerslottet.com\\\/#organization\"},\"potentialAction\":[{\"@type\":\"SearchAction\",\"target\":{\"@type\":\"EntryPoint\",\"urlTemplate\":\"https:\\\/\\\/sockerslottet.com\\\/?s={search_term_string}\"},\"query-input\":{\"@type\":\"PropertyValueSpecification\",\"valueRequired\":true,\"valueName\":\"search_term_string\"}}],\"inLanguage\":\"en-US\"},{\"@type\":\"Organization\",\"@id\":\"https:\\\/\\\/sockerslottet.com\\\/#organization\",\"name\":\"Sockerslottet\",\"url\":\"https:\\\/\\\/sockerslottet.com\\\/\",\"logo\":{\"@type\":\"ImageObject\",\"inLanguage\":\"en-US\",\"@id\":\"https:\\\/\\\/sockerslottet.com\\\/#\\\/schema\\\/logo\\\/image\\\/\",\"url\":\"https:\\\/\\\/sockerslottet.com\\\/wp-content\\\/uploads\\\/2023\\\/06\\\/sockerslottet_logotyp.png\",\"contentUrl\":\"https:\\\/\\\/sockerslottet.com\\\/wp-content\\\/uploads\\\/2023\\\/06\\\/sockerslottet_logotyp.png\",\"width\":300,\"height\":176,\"caption\":\"Sockerslottet\"},\"image\":{\"@id\":\"https:\\\/\\\/sockerslottet.com\\\/#\\\/schema\\\/logo\\\/image\\\/\"},\"sameAs\":[\"https:\\\/\\\/www.facebook.com\\\/Sockerslottet\",\"https:\\\/\\\/www.instagram.com\\\/sockerslottet\\\/\"]}]}<\/script>\n<!-- \/ Yoast SEO plugin. -->","yoast_head_json":{"title":"Drickchoklad chokladsked 2-pack - Sockerslottet","robots":{"index":"index","follow":"follow","max-snippet":"max-snippet:-1","max-image-preview":"max-image-preview:large","max-video-preview":"max-video-preview:-1"},"canonical":"https:\/\/sockerslottet.com\/produkt\/drickchoklad-chokladsked-2-pack\/","og_locale":"en_US","og_type":"article","og_title":"Drickchoklad chokladsked 2-pack - Sockerslottet","og_description":"Liten tr\u00e4sked med choklad. L\u00e5t chokladen sm\u00e4lta i en kopp varm mj\u00f6lk, r\u00f6r om ordentligt och chokladen \u00e4r f\u00e4rdig att dricka.ca 25g\/st Ingredienser: M\u00f6rk choklad: Kakaomassa, socker, kakaosm\u00f6r,SOJAlecitin, naturlig vaniljarom Mj\u00f6lkchoklad: Socker, kakaosm\u00f6r, skumMJ\u00d6LKpulver, kakaomassa, VASSLEPULVER, vattenfritt MJ\u00d6LKfett, helMJ\u00d6LKpulver, SOJAlecitin, naturlig vaniljarom Kan inneh\u00e5lla sp\u00e5r av gluten, mandel och n\u00f6tter","og_url":"https:\/\/sockerslottet.com\/produkt\/drickchoklad-chokladsked-2-pack\/","og_site_name":"Sockerslottet","article_publisher":"https:\/\/www.facebook.com\/Sockerslottet","article_modified_time":"2026-04-01T08:56:06+00:00","og_image":[{"width":2560,"height":2443,"url":"https:\/\/sockerslottet.com\/wp-content\/uploads\/2023\/10\/Drickchoklad-scaled.jpg","type":"image\/jpeg"}],"twitter_card":"summary_large_image","twitter_misc":{"Est. reading time":"1 minute"},"schema":{"@context":"https:\/\/schema.org","@graph":[{"@type":"WebPage","@id":"https:\/\/sockerslottet.com\/produkt\/drickchoklad-chokladsked-2-pack\/","url":"https:\/\/sockerslottet.com\/produkt\/drickchoklad-chokladsked-2-pack\/","name":"Drickchoklad chokladsked 2-pack - Sockerslottet","isPartOf":{"@id":"https:\/\/sockerslottet.com\/#website"},"primaryImageOfPage":{"@id":"https:\/\/sockerslottet.com\/produkt\/drickchoklad-chokladsked-2-pack\/#primaryimage"},"image":{"@id":"https:\/\/sockerslottet.com\/produkt\/drickchoklad-chokladsked-2-pack\/#primaryimage"},"thumbnailUrl":"https:\/\/sockerslottet.com\/wp-content\/uploads\/2023\/10\/Drickchoklad-scaled.jpg","datePublished":"2023-10-02T15:41:16+00:00","dateModified":"2026-04-01T08:56:06+00:00","breadcrumb":{"@id":"https:\/\/sockerslottet.com\/produkt\/drickchoklad-chokladsked-2-pack\/#breadcrumb"},"inLanguage":"en-US","potentialAction":[{"@type":"ReadAction","target":["https:\/\/sockerslottet.com\/produkt\/drickchoklad-chokladsked-2-pack\/"]}]},{"@type":"ImageObject","inLanguage":"en-US","@id":"https:\/\/sockerslottet.com\/produkt\/drickchoklad-chokladsked-2-pack\/#primaryimage","url":"https:\/\/sockerslottet.com\/wp-content\/uploads\/2023\/10\/Drickchoklad-scaled.jpg","contentUrl":"https:\/\/sockerslottet.com\/wp-content\/uploads\/2023\/10\/Drickchoklad-scaled.jpg","width":2560,"height":2443},{"@type":"BreadcrumbList","@id":"https:\/\/sockerslottet.com\/produkt\/drickchoklad-chokladsked-2-pack\/#breadcrumb","itemListElement":[{"@type":"ListItem","position":1,"name":"Hem","item":"https:\/\/sockerslottet.com\/en\/startsida\/"},{"@type":"ListItem","position":2,"name":"Drickchoklad chokladsked 2-pack"}]},{"@type":"WebSite","@id":"https:\/\/sockerslottet.com\/#website","url":"https:\/\/sockerslottet.com\/","name":"Sockerslottet","description":"Chokladbutiken i Sockerslottet, Sockerslottets Hotell, v\u00e5ra olika webbutiker eller om du \u00e4r intresserad av att best\u00e4lla en t\u00e5rta, g\u00e5 p\u00e5 kurs eller komma i kontakt med Gunilla Wall","publisher":{"@id":"https:\/\/sockerslottet.com\/#organization"},"potentialAction":[{"@type":"SearchAction","target":{"@type":"EntryPoint","urlTemplate":"https:\/\/sockerslottet.com\/?s={search_term_string}"},"query-input":{"@type":"PropertyValueSpecification","valueRequired":true,"valueName":"search_term_string"}}],"inLanguage":"en-US"},{"@type":"Organization","@id":"https:\/\/sockerslottet.com\/#organization","name":"Sockerslottet","url":"https:\/\/sockerslottet.com\/","logo":{"@type":"ImageObject","inLanguage":"en-US","@id":"https:\/\/sockerslottet.com\/#\/schema\/logo\/image\/","url":"https:\/\/sockerslottet.com\/wp-content\/uploads\/2023\/06\/sockerslottet_logotyp.png","contentUrl":"https:\/\/sockerslottet.com\/wp-content\/uploads\/2023\/06\/sockerslottet_logotyp.png","width":300,"height":176,"caption":"Sockerslottet"},"image":{"@id":"https:\/\/sockerslottet.com\/#\/schema\/logo\/image\/"},"sameAs":["https:\/\/www.facebook.com\/Sockerslottet","https:\/\/www.instagram.com\/sockerslottet\/"]}]}},"_links":{"self":[{"href":"https:\/\/sockerslottet.com\/en\/wp-json\/wp\/v2\/product\/22989704","targetHints":{"allow":["GET"]}}],"collection":[{"href":"https:\/\/sockerslottet.com\/en\/wp-json\/wp\/v2\/product"}],"about":[{"href":"https:\/\/sockerslottet.com\/en\/wp-json\/wp\/v2\/types\/product"}],"replies":[{"embeddable":true,"href":"https:\/\/sockerslottet.com\/en\/wp-json\/wp\/v2\/comments?post=22989704"}],"wp:featuredmedia":[{"embeddable":true,"href":"https:\/\/sockerslottet.com\/en\/wp-json\/wp\/v2\/media\/22989697"}],"wp:attachment":[{"href":"https:\/\/sockerslottet.com\/en\/wp-json\/wp\/v2\/media?parent=22989704"}],"wp:term":[{"taxonomy":"product_brand","embeddable":true,"href":"https:\/\/sockerslottet.com\/en\/wp-json\/wp\/v2\/product_brand?post=22989704"},{"taxonomy":"product_cat","embeddable":true,"href":"https:\/\/sockerslottet.com\/en\/wp-json\/wp\/v2\/product_cat?post=22989704"},{"taxonomy":"product_tag","embeddable":true,"href":"https:\/\/sockerslottet.com\/en\/wp-json\/wp\/v2\/product_tag?post=22989704"}],"curies":[{"name":"wp","href":"https:\/\/api.w.org\/{rel}","templated":true}]}}