{"id":22991601,"date":"2026-03-18T17:39:40","date_gmt":"2026-03-18T16:39:40","guid":{"rendered":"https:\/\/sockerslottet.com\/?post_type=product&#038;p=22991601"},"modified":"2026-04-01T11:01:25","modified_gmt":"2026-04-01T09:01:25","slug":"life-by-follis-tepasar-coconut-pineapple","status":"publish","type":"product","link":"https:\/\/sockerslottet.com\/en\/produkt\/life-by-follis-tepasar-coconut-pineapple\/","title":{"rendered":"Life by Follis, tep\u00e5sar &#8211; Coconut pineapple"},"content":{"rendered":"<p>T\u00e4nk dig en nyttig Pina Colada. H\u00e4r \u00e4r en h\u00e4rligt fr\u00e4ch kopp gr\u00f6nt te smaksatt med frisk ananas och rund kokos, perfekt att f\u00f6rgylla vilken dag som helst. Vilken dr\u00f6m!\u00a0Ekologiskt och Fairtrade-certifierat.<\/p>\n<p>Varje tep\u00e5se \u00e4r individuellt f\u00f6rpackad i ett t\u00e4tt kuvert f\u00f6r att bevara teets kvalit\u00e9 och den unika aromen.\u00a020\u00a0tep\u00e5sar\/ask.<\/p>\n<p>Inneh\u00e5ll:<br \/>\nEkologiskt gr\u00f6nt te, naturlig kokos- och ananasarom, ekologiska kokosbitar, ekologiska ananasbitar.<\/p>\n","protected":false},"excerpt":{"rendered":"<p>T\u00e4nk dig en nyttig Pina Colada. H\u00e4r \u00e4r en h\u00e4rligt fr\u00e4ch kopp gr\u00f6nt te smaksatt med frisk ananas och rund kokos, perfekt att f\u00f6rgylla vilken dag som helst. Vilken dr\u00f6m!\u00a0Ekologiskt och Fairtrade-certifierat. Varje tep\u00e5se \u00e4r individuellt f\u00f6rpackad i ett t\u00e4tt kuvert f\u00f6r att bevara teets kvalit\u00e9 och den unika aromen.\u00a020\u00a0tep\u00e5sar\/ask. Inneh\u00e5ll: Ekologiskt gr\u00f6nt te, naturlig [&hellip;]<\/p>\n","protected":false},"featured_media":22991575,"comment_status":"open","ping_status":"closed","template":"","meta":{"_et_pb_use_builder":"","_et_pb_old_content":"","_et_gb_content_width":""},"product_brand":[],"product_cat":[58],"product_tag":[],"class_list":{"0":"post-22991601","1":"product","2":"type-product","3":"status-publish","4":"has-post-thumbnail","6":"product_cat-te-och-kaffe","8":"first","9":"instock","10":"taxable","11":"shipping-taxable","12":"purchasable","13":"product-type-simple"},"yoast_head":"<!-- This site is optimized with the Yoast SEO plugin v27.4 - https:\/\/yoast.com\/product\/yoast-seo-wordpress\/ -->\n<title>Life by Follis, tep\u00e5sar - Coconut pineapple - Sockerslottet<\/title>\n<meta name=\"robots\" content=\"index, follow, max-snippet:-1, max-image-preview:large, max-video-preview:-1\" \/>\n<link rel=\"canonical\" href=\"https:\/\/sockerslottet.com\/produkt\/life-by-follis-tepasar-coconut-pineapple\/\" \/>\n<meta property=\"og:locale\" content=\"en_US\" \/>\n<meta property=\"og:type\" content=\"article\" \/>\n<meta property=\"og:title\" content=\"Life by Follis, tep\u00e5sar - Coconut pineapple - Sockerslottet\" \/>\n<meta property=\"og:description\" content=\"T\u00e4nk dig en nyttig Pina Colada. H\u00e4r \u00e4r en h\u00e4rligt fr\u00e4ch kopp gr\u00f6nt te smaksatt med frisk ananas och rund kokos, perfekt att f\u00f6rgylla vilken dag som helst. Vilken dr\u00f6m!\u00a0Ekologiskt och Fairtrade-certifierat. Varje tep\u00e5se \u00e4r individuellt f\u00f6rpackad i ett t\u00e4tt kuvert f\u00f6r att bevara teets kvalit\u00e9 och den unika aromen.\u00a020\u00a0tep\u00e5sar\/ask. Inneh\u00e5ll: Ekologiskt gr\u00f6nt te, naturlig [&hellip;]\" \/>\n<meta property=\"og:url\" content=\"https:\/\/sockerslottet.com\/produkt\/life-by-follis-tepasar-coconut-pineapple\/\" \/>\n<meta property=\"og:site_name\" content=\"Sockerslottet\" \/>\n<meta property=\"article:publisher\" content=\"https:\/\/www.facebook.com\/Sockerslottet\" \/>\n<meta property=\"article:modified_time\" content=\"2026-04-01T09:01:25+00:00\" \/>\n<meta property=\"og:image\" content=\"https:\/\/sockerslottet.com\/wp-content\/uploads\/2026\/03\/8555-coconut-3d.png\" \/>\n\t<meta property=\"og:image:width\" content=\"576\" \/>\n\t<meta property=\"og:image:height\" content=\"747\" \/>\n\t<meta property=\"og:image:type\" content=\"image\/png\" \/>\n<meta name=\"twitter:card\" content=\"summary_large_image\" \/>\n<script type=\"application\/ld+json\" class=\"yoast-schema-graph\">{\"@context\":\"https:\\\/\\\/schema.org\",\"@graph\":[{\"@type\":\"WebPage\",\"@id\":\"https:\\\/\\\/sockerslottet.com\\\/produkt\\\/life-by-follis-tepasar-coconut-pineapple\\\/\",\"url\":\"https:\\\/\\\/sockerslottet.com\\\/produkt\\\/life-by-follis-tepasar-coconut-pineapple\\\/\",\"name\":\"Life by Follis, tep\u00e5sar - Coconut pineapple - Sockerslottet\",\"isPartOf\":{\"@id\":\"https:\\\/\\\/sockerslottet.com\\\/#website\"},\"primaryImageOfPage\":{\"@id\":\"https:\\\/\\\/sockerslottet.com\\\/produkt\\\/life-by-follis-tepasar-coconut-pineapple\\\/#primaryimage\"},\"image\":{\"@id\":\"https:\\\/\\\/sockerslottet.com\\\/produkt\\\/life-by-follis-tepasar-coconut-pineapple\\\/#primaryimage\"},\"thumbnailUrl\":\"https:\\\/\\\/sockerslottet.com\\\/wp-content\\\/uploads\\\/2026\\\/03\\\/8555-coconut-3d.png\",\"datePublished\":\"2026-03-18T16:39:40+00:00\",\"dateModified\":\"2026-04-01T09:01:25+00:00\",\"breadcrumb\":{\"@id\":\"https:\\\/\\\/sockerslottet.com\\\/produkt\\\/life-by-follis-tepasar-coconut-pineapple\\\/#breadcrumb\"},\"inLanguage\":\"en-US\",\"potentialAction\":[{\"@type\":\"ReadAction\",\"target\":[\"https:\\\/\\\/sockerslottet.com\\\/produkt\\\/life-by-follis-tepasar-coconut-pineapple\\\/\"]}]},{\"@type\":\"ImageObject\",\"inLanguage\":\"en-US\",\"@id\":\"https:\\\/\\\/sockerslottet.com\\\/produkt\\\/life-by-follis-tepasar-coconut-pineapple\\\/#primaryimage\",\"url\":\"https:\\\/\\\/sockerslottet.com\\\/wp-content\\\/uploads\\\/2026\\\/03\\\/8555-coconut-3d.png\",\"contentUrl\":\"https:\\\/\\\/sockerslottet.com\\\/wp-content\\\/uploads\\\/2026\\\/03\\\/8555-coconut-3d.png\",\"width\":576,\"height\":747},{\"@type\":\"BreadcrumbList\",\"@id\":\"https:\\\/\\\/sockerslottet.com\\\/produkt\\\/life-by-follis-tepasar-coconut-pineapple\\\/#breadcrumb\",\"itemListElement\":[{\"@type\":\"ListItem\",\"position\":1,\"name\":\"Hem\",\"item\":\"https:\\\/\\\/sockerslottet.com\\\/en\\\/startsida\\\/\"},{\"@type\":\"ListItem\",\"position\":2,\"name\":\"Life by Follis, tep\u00e5sar &#8211; Coconut pineapple\"}]},{\"@type\":\"WebSite\",\"@id\":\"https:\\\/\\\/sockerslottet.com\\\/#website\",\"url\":\"https:\\\/\\\/sockerslottet.com\\\/\",\"name\":\"Sockerslottet\",\"description\":\"Chokladbutiken i Sockerslottet, Sockerslottets Hotell, v\u00e5ra olika webbutiker eller om du \u00e4r intresserad av att best\u00e4lla en t\u00e5rta, g\u00e5 p\u00e5 kurs eller komma i kontakt med Gunilla Wall\",\"publisher\":{\"@id\":\"https:\\\/\\\/sockerslottet.com\\\/#organization\"},\"potentialAction\":[{\"@type\":\"SearchAction\",\"target\":{\"@type\":\"EntryPoint\",\"urlTemplate\":\"https:\\\/\\\/sockerslottet.com\\\/?s={search_term_string}\"},\"query-input\":{\"@type\":\"PropertyValueSpecification\",\"valueRequired\":true,\"valueName\":\"search_term_string\"}}],\"inLanguage\":\"en-US\"},{\"@type\":\"Organization\",\"@id\":\"https:\\\/\\\/sockerslottet.com\\\/#organization\",\"name\":\"Sockerslottet\",\"url\":\"https:\\\/\\\/sockerslottet.com\\\/\",\"logo\":{\"@type\":\"ImageObject\",\"inLanguage\":\"en-US\",\"@id\":\"https:\\\/\\\/sockerslottet.com\\\/#\\\/schema\\\/logo\\\/image\\\/\",\"url\":\"https:\\\/\\\/sockerslottet.com\\\/wp-content\\\/uploads\\\/2023\\\/06\\\/sockerslottet_logotyp.png\",\"contentUrl\":\"https:\\\/\\\/sockerslottet.com\\\/wp-content\\\/uploads\\\/2023\\\/06\\\/sockerslottet_logotyp.png\",\"width\":300,\"height\":176,\"caption\":\"Sockerslottet\"},\"image\":{\"@id\":\"https:\\\/\\\/sockerslottet.com\\\/#\\\/schema\\\/logo\\\/image\\\/\"},\"sameAs\":[\"https:\\\/\\\/www.facebook.com\\\/Sockerslottet\",\"https:\\\/\\\/www.instagram.com\\\/sockerslottet\\\/\"]}]}<\/script>\n<!-- \/ Yoast SEO plugin. -->","yoast_head_json":{"title":"Life by Follis, tep\u00e5sar - Coconut pineapple - Sockerslottet","robots":{"index":"index","follow":"follow","max-snippet":"max-snippet:-1","max-image-preview":"max-image-preview:large","max-video-preview":"max-video-preview:-1"},"canonical":"https:\/\/sockerslottet.com\/produkt\/life-by-follis-tepasar-coconut-pineapple\/","og_locale":"en_US","og_type":"article","og_title":"Life by Follis, tep\u00e5sar - Coconut pineapple - Sockerslottet","og_description":"T\u00e4nk dig en nyttig Pina Colada. H\u00e4r \u00e4r en h\u00e4rligt fr\u00e4ch kopp gr\u00f6nt te smaksatt med frisk ananas och rund kokos, perfekt att f\u00f6rgylla vilken dag som helst. Vilken dr\u00f6m!\u00a0Ekologiskt och Fairtrade-certifierat. Varje tep\u00e5se \u00e4r individuellt f\u00f6rpackad i ett t\u00e4tt kuvert f\u00f6r att bevara teets kvalit\u00e9 och den unika aromen.\u00a020\u00a0tep\u00e5sar\/ask. Inneh\u00e5ll: Ekologiskt gr\u00f6nt te, naturlig [&hellip;]","og_url":"https:\/\/sockerslottet.com\/produkt\/life-by-follis-tepasar-coconut-pineapple\/","og_site_name":"Sockerslottet","article_publisher":"https:\/\/www.facebook.com\/Sockerslottet","article_modified_time":"2026-04-01T09:01:25+00:00","og_image":[{"width":576,"height":747,"url":"https:\/\/sockerslottet.com\/wp-content\/uploads\/2026\/03\/8555-coconut-3d.png","type":"image\/png"}],"twitter_card":"summary_large_image","schema":{"@context":"https:\/\/schema.org","@graph":[{"@type":"WebPage","@id":"https:\/\/sockerslottet.com\/produkt\/life-by-follis-tepasar-coconut-pineapple\/","url":"https:\/\/sockerslottet.com\/produkt\/life-by-follis-tepasar-coconut-pineapple\/","name":"Life by Follis, tep\u00e5sar - Coconut pineapple - Sockerslottet","isPartOf":{"@id":"https:\/\/sockerslottet.com\/#website"},"primaryImageOfPage":{"@id":"https:\/\/sockerslottet.com\/produkt\/life-by-follis-tepasar-coconut-pineapple\/#primaryimage"},"image":{"@id":"https:\/\/sockerslottet.com\/produkt\/life-by-follis-tepasar-coconut-pineapple\/#primaryimage"},"thumbnailUrl":"https:\/\/sockerslottet.com\/wp-content\/uploads\/2026\/03\/8555-coconut-3d.png","datePublished":"2026-03-18T16:39:40+00:00","dateModified":"2026-04-01T09:01:25+00:00","breadcrumb":{"@id":"https:\/\/sockerslottet.com\/produkt\/life-by-follis-tepasar-coconut-pineapple\/#breadcrumb"},"inLanguage":"en-US","potentialAction":[{"@type":"ReadAction","target":["https:\/\/sockerslottet.com\/produkt\/life-by-follis-tepasar-coconut-pineapple\/"]}]},{"@type":"ImageObject","inLanguage":"en-US","@id":"https:\/\/sockerslottet.com\/produkt\/life-by-follis-tepasar-coconut-pineapple\/#primaryimage","url":"https:\/\/sockerslottet.com\/wp-content\/uploads\/2026\/03\/8555-coconut-3d.png","contentUrl":"https:\/\/sockerslottet.com\/wp-content\/uploads\/2026\/03\/8555-coconut-3d.png","width":576,"height":747},{"@type":"BreadcrumbList","@id":"https:\/\/sockerslottet.com\/produkt\/life-by-follis-tepasar-coconut-pineapple\/#breadcrumb","itemListElement":[{"@type":"ListItem","position":1,"name":"Hem","item":"https:\/\/sockerslottet.com\/en\/startsida\/"},{"@type":"ListItem","position":2,"name":"Life by Follis, tep\u00e5sar &#8211; Coconut pineapple"}]},{"@type":"WebSite","@id":"https:\/\/sockerslottet.com\/#website","url":"https:\/\/sockerslottet.com\/","name":"Sockerslottet","description":"Chokladbutiken i Sockerslottet, Sockerslottets Hotell, v\u00e5ra olika webbutiker eller om du \u00e4r intresserad av att best\u00e4lla en t\u00e5rta, g\u00e5 p\u00e5 kurs eller komma i kontakt med Gunilla Wall","publisher":{"@id":"https:\/\/sockerslottet.com\/#organization"},"potentialAction":[{"@type":"SearchAction","target":{"@type":"EntryPoint","urlTemplate":"https:\/\/sockerslottet.com\/?s={search_term_string}"},"query-input":{"@type":"PropertyValueSpecification","valueRequired":true,"valueName":"search_term_string"}}],"inLanguage":"en-US"},{"@type":"Organization","@id":"https:\/\/sockerslottet.com\/#organization","name":"Sockerslottet","url":"https:\/\/sockerslottet.com\/","logo":{"@type":"ImageObject","inLanguage":"en-US","@id":"https:\/\/sockerslottet.com\/#\/schema\/logo\/image\/","url":"https:\/\/sockerslottet.com\/wp-content\/uploads\/2023\/06\/sockerslottet_logotyp.png","contentUrl":"https:\/\/sockerslottet.com\/wp-content\/uploads\/2023\/06\/sockerslottet_logotyp.png","width":300,"height":176,"caption":"Sockerslottet"},"image":{"@id":"https:\/\/sockerslottet.com\/#\/schema\/logo\/image\/"},"sameAs":["https:\/\/www.facebook.com\/Sockerslottet","https:\/\/www.instagram.com\/sockerslottet\/"]}]}},"_links":{"self":[{"href":"https:\/\/sockerslottet.com\/en\/wp-json\/wp\/v2\/product\/22991601","targetHints":{"allow":["GET"]}}],"collection":[{"href":"https:\/\/sockerslottet.com\/en\/wp-json\/wp\/v2\/product"}],"about":[{"href":"https:\/\/sockerslottet.com\/en\/wp-json\/wp\/v2\/types\/product"}],"replies":[{"embeddable":true,"href":"https:\/\/sockerslottet.com\/en\/wp-json\/wp\/v2\/comments?post=22991601"}],"wp:featuredmedia":[{"embeddable":true,"href":"https:\/\/sockerslottet.com\/en\/wp-json\/wp\/v2\/media\/22991575"}],"wp:attachment":[{"href":"https:\/\/sockerslottet.com\/en\/wp-json\/wp\/v2\/media?parent=22991601"}],"wp:term":[{"taxonomy":"product_brand","embeddable":true,"href":"https:\/\/sockerslottet.com\/en\/wp-json\/wp\/v2\/product_brand?post=22991601"},{"taxonomy":"product_cat","embeddable":true,"href":"https:\/\/sockerslottet.com\/en\/wp-json\/wp\/v2\/product_cat?post=22991601"},{"taxonomy":"product_tag","embeddable":true,"href":"https:\/\/sockerslottet.com\/en\/wp-json\/wp\/v2\/product_tag?post=22991601"}],"curies":[{"name":"wp","href":"https:\/\/api.w.org\/{rel}","templated":true}]}}