{"id":22991604,"date":"2026-03-18T17:43:12","date_gmt":"2026-03-18T16:43:12","guid":{"rendered":"https:\/\/sockerslottet.com\/?post_type=product&#038;p=22991604"},"modified":"2026-04-01T11:01:03","modified_gmt":"2026-04-01T09:01:03","slug":"life-by-follis-tepasar-white-chai","status":"publish","type":"product","link":"https:\/\/sockerslottet.com\/en\/produkt\/life-by-follis-tepasar-white-chai\/","title":{"rendered":"Life by Follis, tep\u00e5sar &#8211; White chai"},"content":{"rendered":"<p>H\u00f6glandste fr\u00e5n s\u00f6dra Indien med en bas av vitt te men \u00e4ven lite gr\u00f6nt te. Vitt te har i grunden en mycket mild och mjuk karakt\u00e4r med en naturlig s\u00f6tma. Tydlig smak av kryddor, ex kardemumma, stj\u00e4rnanis, kanel och peppar. Vitt te dricks med f\u00f6rdel utan mj\u00f6lk. Brygg det inte mer \u00e4n 2-3 minuter.\u00a0Ekologiskt och Fairtrade-certifierat.<\/p>\n<p>Varje tep\u00e5se \u00e4r individuellt f\u00f6rpackad i ett t\u00e4tt kuvert f\u00f6r att bevara den unika aromen.\u00a020\u00a0tep\u00e5sar\/ask.<\/p>\n<p>Inneh\u00e5ll:<br \/>\nEko vitt te, eko gr\u00f6nt te, eko kanel, eko rostad cikoriarot, eko ingef\u00e4ra, eko stj\u00e4rnanis, eko kardemumma, eko nejlika, eko svartpeppar, naturlig masala- och vaniljarom.<\/p>\n","protected":false},"excerpt":{"rendered":"<p>H\u00f6glandste fr\u00e5n s\u00f6dra Indien med en bas av vitt te men \u00e4ven lite gr\u00f6nt te. Vitt te har i grunden en mycket mild och mjuk karakt\u00e4r med en naturlig s\u00f6tma. Tydlig smak av kryddor, ex kardemumma, stj\u00e4rnanis, kanel och peppar. Vitt te dricks med f\u00f6rdel utan mj\u00f6lk. Brygg det inte mer \u00e4n 2-3 minuter.\u00a0Ekologiskt och [&hellip;]<\/p>\n","protected":false},"featured_media":22991563,"comment_status":"open","ping_status":"closed","template":"","meta":{"_et_pb_use_builder":"","_et_pb_old_content":"","_et_gb_content_width":""},"product_brand":[],"product_cat":[58],"product_tag":[],"class_list":{"0":"post-22991604","1":"product","2":"type-product","3":"status-publish","4":"has-post-thumbnail","6":"product_cat-te-och-kaffe","8":"first","9":"instock","10":"taxable","11":"shipping-taxable","12":"purchasable","13":"product-type-simple"},"yoast_head":"<!-- This site is optimized with the Yoast SEO plugin v27.3 - https:\/\/yoast.com\/product\/yoast-seo-wordpress\/ -->\n<title>Life by Follis, tep\u00e5sar - White chai - Sockerslottet<\/title>\n<meta name=\"robots\" content=\"index, follow, max-snippet:-1, max-image-preview:large, max-video-preview:-1\" \/>\n<link rel=\"canonical\" href=\"https:\/\/sockerslottet.com\/produkt\/life-by-follis-tepasar-white-chai\/\" \/>\n<meta property=\"og:locale\" content=\"en_US\" \/>\n<meta property=\"og:type\" content=\"article\" \/>\n<meta property=\"og:title\" content=\"Life by Follis, tep\u00e5sar - White chai - Sockerslottet\" \/>\n<meta property=\"og:description\" content=\"H\u00f6glandste fr\u00e5n s\u00f6dra Indien med en bas av vitt te men \u00e4ven lite gr\u00f6nt te. Vitt te har i grunden en mycket mild och mjuk karakt\u00e4r med en naturlig s\u00f6tma. Tydlig smak av kryddor, ex kardemumma, stj\u00e4rnanis, kanel och peppar. Vitt te dricks med f\u00f6rdel utan mj\u00f6lk. Brygg det inte mer \u00e4n 2-3 minuter.\u00a0Ekologiskt och [&hellip;]\" \/>\n<meta property=\"og:url\" content=\"https:\/\/sockerslottet.com\/produkt\/life-by-follis-tepasar-white-chai\/\" \/>\n<meta property=\"og:site_name\" content=\"Sockerslottet\" \/>\n<meta property=\"article:publisher\" content=\"https:\/\/www.facebook.com\/Sockerslottet\" \/>\n<meta property=\"article:modified_time\" content=\"2026-04-01T09:01:03+00:00\" \/>\n<meta property=\"og:image\" content=\"https:\/\/sockerslottet.com\/wp-content\/uploads\/2026\/03\/8516_Whitechai-life.png\" \/>\n\t<meta property=\"og:image:width\" content=\"576\" \/>\n\t<meta property=\"og:image:height\" content=\"747\" \/>\n\t<meta property=\"og:image:type\" content=\"image\/png\" \/>\n<meta name=\"twitter:card\" content=\"summary_large_image\" \/>\n<meta name=\"twitter:label1\" content=\"Est. reading time\" \/>\n\t<meta name=\"twitter:data1\" content=\"1 minute\" \/>\n<script type=\"application\/ld+json\" class=\"yoast-schema-graph\">{\"@context\":\"https:\\\/\\\/schema.org\",\"@graph\":[{\"@type\":\"WebPage\",\"@id\":\"https:\\\/\\\/sockerslottet.com\\\/produkt\\\/life-by-follis-tepasar-white-chai\\\/\",\"url\":\"https:\\\/\\\/sockerslottet.com\\\/produkt\\\/life-by-follis-tepasar-white-chai\\\/\",\"name\":\"Life by Follis, tep\u00e5sar - White chai - Sockerslottet\",\"isPartOf\":{\"@id\":\"https:\\\/\\\/sockerslottet.com\\\/#website\"},\"primaryImageOfPage\":{\"@id\":\"https:\\\/\\\/sockerslottet.com\\\/produkt\\\/life-by-follis-tepasar-white-chai\\\/#primaryimage\"},\"image\":{\"@id\":\"https:\\\/\\\/sockerslottet.com\\\/produkt\\\/life-by-follis-tepasar-white-chai\\\/#primaryimage\"},\"thumbnailUrl\":\"https:\\\/\\\/sockerslottet.com\\\/wp-content\\\/uploads\\\/2026\\\/03\\\/8516_Whitechai-life.png\",\"datePublished\":\"2026-03-18T16:43:12+00:00\",\"dateModified\":\"2026-04-01T09:01:03+00:00\",\"breadcrumb\":{\"@id\":\"https:\\\/\\\/sockerslottet.com\\\/produkt\\\/life-by-follis-tepasar-white-chai\\\/#breadcrumb\"},\"inLanguage\":\"en-US\",\"potentialAction\":[{\"@type\":\"ReadAction\",\"target\":[\"https:\\\/\\\/sockerslottet.com\\\/produkt\\\/life-by-follis-tepasar-white-chai\\\/\"]}]},{\"@type\":\"ImageObject\",\"inLanguage\":\"en-US\",\"@id\":\"https:\\\/\\\/sockerslottet.com\\\/produkt\\\/life-by-follis-tepasar-white-chai\\\/#primaryimage\",\"url\":\"https:\\\/\\\/sockerslottet.com\\\/wp-content\\\/uploads\\\/2026\\\/03\\\/8516_Whitechai-life.png\",\"contentUrl\":\"https:\\\/\\\/sockerslottet.com\\\/wp-content\\\/uploads\\\/2026\\\/03\\\/8516_Whitechai-life.png\",\"width\":576,\"height\":747},{\"@type\":\"BreadcrumbList\",\"@id\":\"https:\\\/\\\/sockerslottet.com\\\/produkt\\\/life-by-follis-tepasar-white-chai\\\/#breadcrumb\",\"itemListElement\":[{\"@type\":\"ListItem\",\"position\":1,\"name\":\"Hem\",\"item\":\"https:\\\/\\\/sockerslottet.com\\\/en\\\/startsida\\\/\"},{\"@type\":\"ListItem\",\"position\":2,\"name\":\"Life by Follis, tep\u00e5sar &#8211; White chai\"}]},{\"@type\":\"WebSite\",\"@id\":\"https:\\\/\\\/sockerslottet.com\\\/#website\",\"url\":\"https:\\\/\\\/sockerslottet.com\\\/\",\"name\":\"Sockerslottet\",\"description\":\"Chokladbutiken i Sockerslottet, Sockerslottets Hotell, v\u00e5ra olika webbutiker eller om du \u00e4r intresserad av att best\u00e4lla en t\u00e5rta, g\u00e5 p\u00e5 kurs eller komma i kontakt med Gunilla Wall\",\"publisher\":{\"@id\":\"https:\\\/\\\/sockerslottet.com\\\/#organization\"},\"potentialAction\":[{\"@type\":\"SearchAction\",\"target\":{\"@type\":\"EntryPoint\",\"urlTemplate\":\"https:\\\/\\\/sockerslottet.com\\\/?s={search_term_string}\"},\"query-input\":{\"@type\":\"PropertyValueSpecification\",\"valueRequired\":true,\"valueName\":\"search_term_string\"}}],\"inLanguage\":\"en-US\"},{\"@type\":\"Organization\",\"@id\":\"https:\\\/\\\/sockerslottet.com\\\/#organization\",\"name\":\"Sockerslottet\",\"url\":\"https:\\\/\\\/sockerslottet.com\\\/\",\"logo\":{\"@type\":\"ImageObject\",\"inLanguage\":\"en-US\",\"@id\":\"https:\\\/\\\/sockerslottet.com\\\/#\\\/schema\\\/logo\\\/image\\\/\",\"url\":\"https:\\\/\\\/sockerslottet.com\\\/wp-content\\\/uploads\\\/2023\\\/06\\\/sockerslottet_logotyp.png\",\"contentUrl\":\"https:\\\/\\\/sockerslottet.com\\\/wp-content\\\/uploads\\\/2023\\\/06\\\/sockerslottet_logotyp.png\",\"width\":300,\"height\":176,\"caption\":\"Sockerslottet\"},\"image\":{\"@id\":\"https:\\\/\\\/sockerslottet.com\\\/#\\\/schema\\\/logo\\\/image\\\/\"},\"sameAs\":[\"https:\\\/\\\/www.facebook.com\\\/Sockerslottet\",\"https:\\\/\\\/www.instagram.com\\\/sockerslottet\\\/\"]}]}<\/script>\n<!-- \/ Yoast SEO plugin. -->","yoast_head_json":{"title":"Life by Follis, tep\u00e5sar - White chai - Sockerslottet","robots":{"index":"index","follow":"follow","max-snippet":"max-snippet:-1","max-image-preview":"max-image-preview:large","max-video-preview":"max-video-preview:-1"},"canonical":"https:\/\/sockerslottet.com\/produkt\/life-by-follis-tepasar-white-chai\/","og_locale":"en_US","og_type":"article","og_title":"Life by Follis, tep\u00e5sar - White chai - Sockerslottet","og_description":"H\u00f6glandste fr\u00e5n s\u00f6dra Indien med en bas av vitt te men \u00e4ven lite gr\u00f6nt te. Vitt te har i grunden en mycket mild och mjuk karakt\u00e4r med en naturlig s\u00f6tma. Tydlig smak av kryddor, ex kardemumma, stj\u00e4rnanis, kanel och peppar. Vitt te dricks med f\u00f6rdel utan mj\u00f6lk. Brygg det inte mer \u00e4n 2-3 minuter.\u00a0Ekologiskt och [&hellip;]","og_url":"https:\/\/sockerslottet.com\/produkt\/life-by-follis-tepasar-white-chai\/","og_site_name":"Sockerslottet","article_publisher":"https:\/\/www.facebook.com\/Sockerslottet","article_modified_time":"2026-04-01T09:01:03+00:00","og_image":[{"width":576,"height":747,"url":"https:\/\/sockerslottet.com\/wp-content\/uploads\/2026\/03\/8516_Whitechai-life.png","type":"image\/png"}],"twitter_card":"summary_large_image","twitter_misc":{"Est. reading time":"1 minute"},"schema":{"@context":"https:\/\/schema.org","@graph":[{"@type":"WebPage","@id":"https:\/\/sockerslottet.com\/produkt\/life-by-follis-tepasar-white-chai\/","url":"https:\/\/sockerslottet.com\/produkt\/life-by-follis-tepasar-white-chai\/","name":"Life by Follis, tep\u00e5sar - White chai - Sockerslottet","isPartOf":{"@id":"https:\/\/sockerslottet.com\/#website"},"primaryImageOfPage":{"@id":"https:\/\/sockerslottet.com\/produkt\/life-by-follis-tepasar-white-chai\/#primaryimage"},"image":{"@id":"https:\/\/sockerslottet.com\/produkt\/life-by-follis-tepasar-white-chai\/#primaryimage"},"thumbnailUrl":"https:\/\/sockerslottet.com\/wp-content\/uploads\/2026\/03\/8516_Whitechai-life.png","datePublished":"2026-03-18T16:43:12+00:00","dateModified":"2026-04-01T09:01:03+00:00","breadcrumb":{"@id":"https:\/\/sockerslottet.com\/produkt\/life-by-follis-tepasar-white-chai\/#breadcrumb"},"inLanguage":"en-US","potentialAction":[{"@type":"ReadAction","target":["https:\/\/sockerslottet.com\/produkt\/life-by-follis-tepasar-white-chai\/"]}]},{"@type":"ImageObject","inLanguage":"en-US","@id":"https:\/\/sockerslottet.com\/produkt\/life-by-follis-tepasar-white-chai\/#primaryimage","url":"https:\/\/sockerslottet.com\/wp-content\/uploads\/2026\/03\/8516_Whitechai-life.png","contentUrl":"https:\/\/sockerslottet.com\/wp-content\/uploads\/2026\/03\/8516_Whitechai-life.png","width":576,"height":747},{"@type":"BreadcrumbList","@id":"https:\/\/sockerslottet.com\/produkt\/life-by-follis-tepasar-white-chai\/#breadcrumb","itemListElement":[{"@type":"ListItem","position":1,"name":"Hem","item":"https:\/\/sockerslottet.com\/en\/startsida\/"},{"@type":"ListItem","position":2,"name":"Life by Follis, tep\u00e5sar &#8211; White chai"}]},{"@type":"WebSite","@id":"https:\/\/sockerslottet.com\/#website","url":"https:\/\/sockerslottet.com\/","name":"Sockerslottet","description":"Chokladbutiken i Sockerslottet, Sockerslottets Hotell, v\u00e5ra olika webbutiker eller om du \u00e4r intresserad av att best\u00e4lla en t\u00e5rta, g\u00e5 p\u00e5 kurs eller komma i kontakt med Gunilla Wall","publisher":{"@id":"https:\/\/sockerslottet.com\/#organization"},"potentialAction":[{"@type":"SearchAction","target":{"@type":"EntryPoint","urlTemplate":"https:\/\/sockerslottet.com\/?s={search_term_string}"},"query-input":{"@type":"PropertyValueSpecification","valueRequired":true,"valueName":"search_term_string"}}],"inLanguage":"en-US"},{"@type":"Organization","@id":"https:\/\/sockerslottet.com\/#organization","name":"Sockerslottet","url":"https:\/\/sockerslottet.com\/","logo":{"@type":"ImageObject","inLanguage":"en-US","@id":"https:\/\/sockerslottet.com\/#\/schema\/logo\/image\/","url":"https:\/\/sockerslottet.com\/wp-content\/uploads\/2023\/06\/sockerslottet_logotyp.png","contentUrl":"https:\/\/sockerslottet.com\/wp-content\/uploads\/2023\/06\/sockerslottet_logotyp.png","width":300,"height":176,"caption":"Sockerslottet"},"image":{"@id":"https:\/\/sockerslottet.com\/#\/schema\/logo\/image\/"},"sameAs":["https:\/\/www.facebook.com\/Sockerslottet","https:\/\/www.instagram.com\/sockerslottet\/"]}]}},"_links":{"self":[{"href":"https:\/\/sockerslottet.com\/en\/wp-json\/wp\/v2\/product\/22991604","targetHints":{"allow":["GET"]}}],"collection":[{"href":"https:\/\/sockerslottet.com\/en\/wp-json\/wp\/v2\/product"}],"about":[{"href":"https:\/\/sockerslottet.com\/en\/wp-json\/wp\/v2\/types\/product"}],"replies":[{"embeddable":true,"href":"https:\/\/sockerslottet.com\/en\/wp-json\/wp\/v2\/comments?post=22991604"}],"wp:featuredmedia":[{"embeddable":true,"href":"https:\/\/sockerslottet.com\/en\/wp-json\/wp\/v2\/media\/22991563"}],"wp:attachment":[{"href":"https:\/\/sockerslottet.com\/en\/wp-json\/wp\/v2\/media?parent=22991604"}],"wp:term":[{"taxonomy":"product_brand","embeddable":true,"href":"https:\/\/sockerslottet.com\/en\/wp-json\/wp\/v2\/product_brand?post=22991604"},{"taxonomy":"product_cat","embeddable":true,"href":"https:\/\/sockerslottet.com\/en\/wp-json\/wp\/v2\/product_cat?post=22991604"},{"taxonomy":"product_tag","embeddable":true,"href":"https:\/\/sockerslottet.com\/en\/wp-json\/wp\/v2\/product_tag?post=22991604"}],"curies":[{"name":"wp","href":"https:\/\/api.w.org\/{rel}","templated":true}]}}