{"id":22991661,"date":"2026-03-19T16:09:54","date_gmt":"2026-03-19T15:09:54","guid":{"rendered":"https:\/\/sockerslottet.com\/?post_type=product&#038;p=22991661"},"modified":"2026-03-19T16:12:26","modified_gmt":"2026-03-19T15:12:26","slug":"alice-i-underlandet-mugg-med-tesil","status":"publish","type":"product","link":"https:\/\/sockerslottet.com\/en\/produkt\/alice-i-underlandet-mugg-med-tesil\/","title":{"rendered":"Alice i underlandet, mugg med tesil"},"content":{"rendered":"<p data-start=\"0\" data-end=\"258\">Mugg i vitt porslin f\u00f6rest\u00e4ller Alice vid Hattmakarens tebjudning och \u00e4r dekorerad med det ikoniska citatet \u201dwe\u2019re all mad here\u201d.<\/p>\n<p data-start=\"260\" data-end=\"438\">Designen, som \u00e4r inspirerad av ett Alice i Underlandet-kortspel baserat p\u00e5 konstverk av Sir John Tenniel (1820\u20131914), full\u00e4ndas med en elegant gulddetalj som ger en lyxig k\u00e4nsla.<br \/>\nTesil i rostfritt st\u00e5l ing\u00e5r.<\/p>\n<p data-start=\"224\" data-end=\"564\" data-is-last-node=\"\" data-is-only-node=\"\">Packad i en vacker presentask med magnetst\u00e4ngning.<\/p>\n<p data-start=\"458\" data-end=\"693\" data-is-last-node=\"\" data-is-only-node=\"\">Diskas f\u00f6r hand<br \/>\nVolym: 300ml<\/p>\n<p>&nbsp;<\/p>\n","protected":false},"excerpt":{"rendered":"<p>Mugg i vitt porslin f\u00f6rest\u00e4ller Alice vid Hattmakarens tebjudning och \u00e4r dekorerad med det ikoniska citatet \u201dwe\u2019re all mad here\u201d. Designen, som \u00e4r inspirerad av ett Alice i Underlandet-kortspel baserat p\u00e5 konstverk av Sir John Tenniel (1820\u20131914), full\u00e4ndas med en elegant gulddetalj som ger en lyxig k\u00e4nsla. Tesil i rostfritt st\u00e5l ing\u00e5r. Packad i en [&hellip;]<\/p>\n","protected":false},"featured_media":22991621,"comment_status":"open","ping_status":"closed","template":"","meta":{"_et_pb_use_builder":"","_et_pb_old_content":"","_et_gb_content_width":""},"product_brand":[],"product_cat":[52],"product_tag":[],"class_list":{"0":"post-22991661","1":"product","2":"type-product","3":"status-publish","4":"has-post-thumbnail","6":"product_cat-porslin","8":"first","9":"instock","10":"taxable","11":"shipping-taxable","12":"purchasable","13":"product-type-simple"},"yoast_head":"<!-- This site is optimized with the Yoast SEO plugin v27.3 - https:\/\/yoast.com\/product\/yoast-seo-wordpress\/ -->\n<title>Alice i underlandet, mugg med tesil - Sockerslottet<\/title>\n<meta name=\"robots\" content=\"index, follow, max-snippet:-1, max-image-preview:large, max-video-preview:-1\" \/>\n<link rel=\"canonical\" href=\"https:\/\/sockerslottet.com\/produkt\/alice-i-underlandet-mugg-med-tesil\/\" \/>\n<meta property=\"og:locale\" content=\"en_US\" \/>\n<meta property=\"og:type\" content=\"article\" \/>\n<meta property=\"og:title\" content=\"Alice i underlandet, mugg med tesil - Sockerslottet\" \/>\n<meta property=\"og:description\" content=\"Mugg i vitt porslin f\u00f6rest\u00e4ller Alice vid Hattmakarens tebjudning och \u00e4r dekorerad med det ikoniska citatet \u201dwe\u2019re all mad here\u201d. Designen, som \u00e4r inspirerad av ett Alice i Underlandet-kortspel baserat p\u00e5 konstverk av Sir John Tenniel (1820\u20131914), full\u00e4ndas med en elegant gulddetalj som ger en lyxig k\u00e4nsla. Tesil i rostfritt st\u00e5l ing\u00e5r. Packad i en [&hellip;]\" \/>\n<meta property=\"og:url\" content=\"https:\/\/sockerslottet.com\/produkt\/alice-i-underlandet-mugg-med-tesil\/\" \/>\n<meta property=\"og:site_name\" content=\"Sockerslottet\" \/>\n<meta property=\"article:publisher\" content=\"https:\/\/www.facebook.com\/Sockerslottet\" \/>\n<meta property=\"article:modified_time\" content=\"2026-03-19T15:12:26+00:00\" \/>\n<meta property=\"og:image\" content=\"https:\/\/sockerslottet.com\/wp-content\/uploads\/2026\/03\/gnu7sxxjixy50zf4fh0m__94402.jpg\" \/>\n\t<meta property=\"og:image:width\" content=\"640\" \/>\n\t<meta property=\"og:image:height\" content=\"480\" \/>\n\t<meta property=\"og:image:type\" content=\"image\/jpeg\" \/>\n<meta name=\"twitter:card\" content=\"summary_large_image\" \/>\n<script type=\"application\/ld+json\" class=\"yoast-schema-graph\">{\"@context\":\"https:\\\/\\\/schema.org\",\"@graph\":[{\"@type\":\"WebPage\",\"@id\":\"https:\\\/\\\/sockerslottet.com\\\/produkt\\\/alice-i-underlandet-mugg-med-tesil\\\/\",\"url\":\"https:\\\/\\\/sockerslottet.com\\\/produkt\\\/alice-i-underlandet-mugg-med-tesil\\\/\",\"name\":\"Alice i underlandet, mugg med tesil - Sockerslottet\",\"isPartOf\":{\"@id\":\"https:\\\/\\\/sockerslottet.com\\\/#website\"},\"primaryImageOfPage\":{\"@id\":\"https:\\\/\\\/sockerslottet.com\\\/produkt\\\/alice-i-underlandet-mugg-med-tesil\\\/#primaryimage\"},\"image\":{\"@id\":\"https:\\\/\\\/sockerslottet.com\\\/produkt\\\/alice-i-underlandet-mugg-med-tesil\\\/#primaryimage\"},\"thumbnailUrl\":\"https:\\\/\\\/sockerslottet.com\\\/wp-content\\\/uploads\\\/2026\\\/03\\\/gnu7sxxjixy50zf4fh0m__94402.jpg\",\"datePublished\":\"2026-03-19T15:09:54+00:00\",\"dateModified\":\"2026-03-19T15:12:26+00:00\",\"breadcrumb\":{\"@id\":\"https:\\\/\\\/sockerslottet.com\\\/produkt\\\/alice-i-underlandet-mugg-med-tesil\\\/#breadcrumb\"},\"inLanguage\":\"en-US\",\"potentialAction\":[{\"@type\":\"ReadAction\",\"target\":[\"https:\\\/\\\/sockerslottet.com\\\/produkt\\\/alice-i-underlandet-mugg-med-tesil\\\/\"]}]},{\"@type\":\"ImageObject\",\"inLanguage\":\"en-US\",\"@id\":\"https:\\\/\\\/sockerslottet.com\\\/produkt\\\/alice-i-underlandet-mugg-med-tesil\\\/#primaryimage\",\"url\":\"https:\\\/\\\/sockerslottet.com\\\/wp-content\\\/uploads\\\/2026\\\/03\\\/gnu7sxxjixy50zf4fh0m__94402.jpg\",\"contentUrl\":\"https:\\\/\\\/sockerslottet.com\\\/wp-content\\\/uploads\\\/2026\\\/03\\\/gnu7sxxjixy50zf4fh0m__94402.jpg\",\"width\":640,\"height\":480},{\"@type\":\"BreadcrumbList\",\"@id\":\"https:\\\/\\\/sockerslottet.com\\\/produkt\\\/alice-i-underlandet-mugg-med-tesil\\\/#breadcrumb\",\"itemListElement\":[{\"@type\":\"ListItem\",\"position\":1,\"name\":\"Hem\",\"item\":\"https:\\\/\\\/sockerslottet.com\\\/en\\\/startsida\\\/\"},{\"@type\":\"ListItem\",\"position\":2,\"name\":\"Alice i underlandet, mugg med tesil\"}]},{\"@type\":\"WebSite\",\"@id\":\"https:\\\/\\\/sockerslottet.com\\\/#website\",\"url\":\"https:\\\/\\\/sockerslottet.com\\\/\",\"name\":\"Sockerslottet\",\"description\":\"Chokladbutiken i Sockerslottet, Sockerslottets Hotell, v\u00e5ra olika webbutiker eller om du \u00e4r intresserad av att best\u00e4lla en t\u00e5rta, g\u00e5 p\u00e5 kurs eller komma i kontakt med Gunilla Wall\",\"publisher\":{\"@id\":\"https:\\\/\\\/sockerslottet.com\\\/#organization\"},\"potentialAction\":[{\"@type\":\"SearchAction\",\"target\":{\"@type\":\"EntryPoint\",\"urlTemplate\":\"https:\\\/\\\/sockerslottet.com\\\/?s={search_term_string}\"},\"query-input\":{\"@type\":\"PropertyValueSpecification\",\"valueRequired\":true,\"valueName\":\"search_term_string\"}}],\"inLanguage\":\"en-US\"},{\"@type\":\"Organization\",\"@id\":\"https:\\\/\\\/sockerslottet.com\\\/#organization\",\"name\":\"Sockerslottet\",\"url\":\"https:\\\/\\\/sockerslottet.com\\\/\",\"logo\":{\"@type\":\"ImageObject\",\"inLanguage\":\"en-US\",\"@id\":\"https:\\\/\\\/sockerslottet.com\\\/#\\\/schema\\\/logo\\\/image\\\/\",\"url\":\"https:\\\/\\\/sockerslottet.com\\\/wp-content\\\/uploads\\\/2023\\\/06\\\/sockerslottet_logotyp.png\",\"contentUrl\":\"https:\\\/\\\/sockerslottet.com\\\/wp-content\\\/uploads\\\/2023\\\/06\\\/sockerslottet_logotyp.png\",\"width\":300,\"height\":176,\"caption\":\"Sockerslottet\"},\"image\":{\"@id\":\"https:\\\/\\\/sockerslottet.com\\\/#\\\/schema\\\/logo\\\/image\\\/\"},\"sameAs\":[\"https:\\\/\\\/www.facebook.com\\\/Sockerslottet\",\"https:\\\/\\\/www.instagram.com\\\/sockerslottet\\\/\"]}]}<\/script>\n<!-- \/ Yoast SEO plugin. -->","yoast_head_json":{"title":"Alice i underlandet, mugg med tesil - Sockerslottet","robots":{"index":"index","follow":"follow","max-snippet":"max-snippet:-1","max-image-preview":"max-image-preview:large","max-video-preview":"max-video-preview:-1"},"canonical":"https:\/\/sockerslottet.com\/produkt\/alice-i-underlandet-mugg-med-tesil\/","og_locale":"en_US","og_type":"article","og_title":"Alice i underlandet, mugg med tesil - Sockerslottet","og_description":"Mugg i vitt porslin f\u00f6rest\u00e4ller Alice vid Hattmakarens tebjudning och \u00e4r dekorerad med det ikoniska citatet \u201dwe\u2019re all mad here\u201d. Designen, som \u00e4r inspirerad av ett Alice i Underlandet-kortspel baserat p\u00e5 konstverk av Sir John Tenniel (1820\u20131914), full\u00e4ndas med en elegant gulddetalj som ger en lyxig k\u00e4nsla. Tesil i rostfritt st\u00e5l ing\u00e5r. Packad i en [&hellip;]","og_url":"https:\/\/sockerslottet.com\/produkt\/alice-i-underlandet-mugg-med-tesil\/","og_site_name":"Sockerslottet","article_publisher":"https:\/\/www.facebook.com\/Sockerslottet","article_modified_time":"2026-03-19T15:12:26+00:00","og_image":[{"width":640,"height":480,"url":"https:\/\/sockerslottet.com\/wp-content\/uploads\/2026\/03\/gnu7sxxjixy50zf4fh0m__94402.jpg","type":"image\/jpeg"}],"twitter_card":"summary_large_image","schema":{"@context":"https:\/\/schema.org","@graph":[{"@type":"WebPage","@id":"https:\/\/sockerslottet.com\/produkt\/alice-i-underlandet-mugg-med-tesil\/","url":"https:\/\/sockerslottet.com\/produkt\/alice-i-underlandet-mugg-med-tesil\/","name":"Alice i underlandet, mugg med tesil - Sockerslottet","isPartOf":{"@id":"https:\/\/sockerslottet.com\/#website"},"primaryImageOfPage":{"@id":"https:\/\/sockerslottet.com\/produkt\/alice-i-underlandet-mugg-med-tesil\/#primaryimage"},"image":{"@id":"https:\/\/sockerslottet.com\/produkt\/alice-i-underlandet-mugg-med-tesil\/#primaryimage"},"thumbnailUrl":"https:\/\/sockerslottet.com\/wp-content\/uploads\/2026\/03\/gnu7sxxjixy50zf4fh0m__94402.jpg","datePublished":"2026-03-19T15:09:54+00:00","dateModified":"2026-03-19T15:12:26+00:00","breadcrumb":{"@id":"https:\/\/sockerslottet.com\/produkt\/alice-i-underlandet-mugg-med-tesil\/#breadcrumb"},"inLanguage":"en-US","potentialAction":[{"@type":"ReadAction","target":["https:\/\/sockerslottet.com\/produkt\/alice-i-underlandet-mugg-med-tesil\/"]}]},{"@type":"ImageObject","inLanguage":"en-US","@id":"https:\/\/sockerslottet.com\/produkt\/alice-i-underlandet-mugg-med-tesil\/#primaryimage","url":"https:\/\/sockerslottet.com\/wp-content\/uploads\/2026\/03\/gnu7sxxjixy50zf4fh0m__94402.jpg","contentUrl":"https:\/\/sockerslottet.com\/wp-content\/uploads\/2026\/03\/gnu7sxxjixy50zf4fh0m__94402.jpg","width":640,"height":480},{"@type":"BreadcrumbList","@id":"https:\/\/sockerslottet.com\/produkt\/alice-i-underlandet-mugg-med-tesil\/#breadcrumb","itemListElement":[{"@type":"ListItem","position":1,"name":"Hem","item":"https:\/\/sockerslottet.com\/en\/startsida\/"},{"@type":"ListItem","position":2,"name":"Alice i underlandet, mugg med tesil"}]},{"@type":"WebSite","@id":"https:\/\/sockerslottet.com\/#website","url":"https:\/\/sockerslottet.com\/","name":"Sockerslottet","description":"Chokladbutiken i Sockerslottet, Sockerslottets Hotell, v\u00e5ra olika webbutiker eller om du \u00e4r intresserad av att best\u00e4lla en t\u00e5rta, g\u00e5 p\u00e5 kurs eller komma i kontakt med Gunilla Wall","publisher":{"@id":"https:\/\/sockerslottet.com\/#organization"},"potentialAction":[{"@type":"SearchAction","target":{"@type":"EntryPoint","urlTemplate":"https:\/\/sockerslottet.com\/?s={search_term_string}"},"query-input":{"@type":"PropertyValueSpecification","valueRequired":true,"valueName":"search_term_string"}}],"inLanguage":"en-US"},{"@type":"Organization","@id":"https:\/\/sockerslottet.com\/#organization","name":"Sockerslottet","url":"https:\/\/sockerslottet.com\/","logo":{"@type":"ImageObject","inLanguage":"en-US","@id":"https:\/\/sockerslottet.com\/#\/schema\/logo\/image\/","url":"https:\/\/sockerslottet.com\/wp-content\/uploads\/2023\/06\/sockerslottet_logotyp.png","contentUrl":"https:\/\/sockerslottet.com\/wp-content\/uploads\/2023\/06\/sockerslottet_logotyp.png","width":300,"height":176,"caption":"Sockerslottet"},"image":{"@id":"https:\/\/sockerslottet.com\/#\/schema\/logo\/image\/"},"sameAs":["https:\/\/www.facebook.com\/Sockerslottet","https:\/\/www.instagram.com\/sockerslottet\/"]}]}},"_links":{"self":[{"href":"https:\/\/sockerslottet.com\/en\/wp-json\/wp\/v2\/product\/22991661","targetHints":{"allow":["GET"]}}],"collection":[{"href":"https:\/\/sockerslottet.com\/en\/wp-json\/wp\/v2\/product"}],"about":[{"href":"https:\/\/sockerslottet.com\/en\/wp-json\/wp\/v2\/types\/product"}],"replies":[{"embeddable":true,"href":"https:\/\/sockerslottet.com\/en\/wp-json\/wp\/v2\/comments?post=22991661"}],"wp:featuredmedia":[{"embeddable":true,"href":"https:\/\/sockerslottet.com\/en\/wp-json\/wp\/v2\/media\/22991621"}],"wp:attachment":[{"href":"https:\/\/sockerslottet.com\/en\/wp-json\/wp\/v2\/media?parent=22991661"}],"wp:term":[{"taxonomy":"product_brand","embeddable":true,"href":"https:\/\/sockerslottet.com\/en\/wp-json\/wp\/v2\/product_brand?post=22991661"},{"taxonomy":"product_cat","embeddable":true,"href":"https:\/\/sockerslottet.com\/en\/wp-json\/wp\/v2\/product_cat?post=22991661"},{"taxonomy":"product_tag","embeddable":true,"href":"https:\/\/sockerslottet.com\/en\/wp-json\/wp\/v2\/product_tag?post=22991661"}],"curies":[{"name":"wp","href":"https:\/\/api.w.org\/{rel}","templated":true}]}}