{"id":22991782,"date":"2026-03-23T16:37:34","date_gmt":"2026-03-23T15:37:34","guid":{"rendered":"https:\/\/sockerslottet.com\/?post_type=product&#038;p=22991782"},"modified":"2026-03-23T16:38:28","modified_gmt":"2026-03-23T15:38:28","slug":"blommig-skjortklanning","status":"publish","type":"product","link":"https:\/\/sockerslottet.com\/en\/produkt\/blommig-skjortklanning\/","title":{"rendered":"Blommig skjortkl\u00e4nning"},"content":{"rendered":"<p>Blommig skjortkl\u00e4nning i 100% linne<\/p>\n<p>One size<br \/>\nTIllverkad i Italien<\/p>\n<p>&nbsp;<\/p>\n","protected":false},"excerpt":{"rendered":"<p>Blommig skjortkl\u00e4nning i 100% linne One size TIllverkad i Italien &nbsp;<\/p>\n","protected":false},"featured_media":22991783,"comment_status":"open","ping_status":"closed","template":"","meta":{"_et_pb_use_builder":"","_et_pb_old_content":"","_et_gb_content_width":""},"product_brand":[],"product_cat":[60],"product_tag":[],"class_list":{"0":"post-22991782","1":"product","2":"type-product","3":"status-publish","4":"has-post-thumbnail","6":"product_cat-klader","8":"first","9":"instock","10":"taxable","11":"shipping-taxable","12":"purchasable","13":"product-type-simple"},"yoast_head":"<!-- This site is optimized with the Yoast SEO plugin v27.3 - https:\/\/yoast.com\/product\/yoast-seo-wordpress\/ -->\n<title>Blommig skjortkl\u00e4nning - Sockerslottet<\/title>\n<meta name=\"robots\" content=\"index, follow, max-snippet:-1, max-image-preview:large, max-video-preview:-1\" \/>\n<link rel=\"canonical\" href=\"https:\/\/sockerslottet.com\/produkt\/blommig-skjortklanning\/\" \/>\n<meta property=\"og:locale\" content=\"en_US\" \/>\n<meta property=\"og:type\" content=\"article\" \/>\n<meta property=\"og:title\" content=\"Blommig skjortkl\u00e4nning - Sockerslottet\" \/>\n<meta property=\"og:description\" content=\"Blommig skjortkl\u00e4nning i 100% linne One size TIllverkad i Italien &nbsp;\" \/>\n<meta property=\"og:url\" content=\"https:\/\/sockerslottet.com\/produkt\/blommig-skjortklanning\/\" \/>\n<meta property=\"og:site_name\" content=\"Sockerslottet\" \/>\n<meta property=\"article:publisher\" content=\"https:\/\/www.facebook.com\/Sockerslottet\" \/>\n<meta property=\"article:modified_time\" content=\"2026-03-23T15:38:28+00:00\" \/>\n<meta property=\"og:image\" content=\"https:\/\/sockerslottet.com\/wp-content\/uploads\/2026\/03\/03eb1c03dc817990ab5bdbc8cc42e85355fe03bb24b59989c5a07d3addcd28e7.webp\" \/>\n\t<meta property=\"og:image:width\" content=\"594\" \/>\n\t<meta property=\"og:image:height\" content=\"891\" \/>\n\t<meta property=\"og:image:type\" content=\"image\/webp\" \/>\n<meta name=\"twitter:card\" content=\"summary_large_image\" \/>\n<script type=\"application\/ld+json\" class=\"yoast-schema-graph\">{\"@context\":\"https:\\\/\\\/schema.org\",\"@graph\":[{\"@type\":\"WebPage\",\"@id\":\"https:\\\/\\\/sockerslottet.com\\\/produkt\\\/blommig-skjortklanning\\\/\",\"url\":\"https:\\\/\\\/sockerslottet.com\\\/produkt\\\/blommig-skjortklanning\\\/\",\"name\":\"Blommig skjortkl\u00e4nning - Sockerslottet\",\"isPartOf\":{\"@id\":\"https:\\\/\\\/sockerslottet.com\\\/#website\"},\"primaryImageOfPage\":{\"@id\":\"https:\\\/\\\/sockerslottet.com\\\/produkt\\\/blommig-skjortklanning\\\/#primaryimage\"},\"image\":{\"@id\":\"https:\\\/\\\/sockerslottet.com\\\/produkt\\\/blommig-skjortklanning\\\/#primaryimage\"},\"thumbnailUrl\":\"https:\\\/\\\/sockerslottet.com\\\/wp-content\\\/uploads\\\/2026\\\/03\\\/03eb1c03dc817990ab5bdbc8cc42e85355fe03bb24b59989c5a07d3addcd28e7.webp\",\"datePublished\":\"2026-03-23T15:37:34+00:00\",\"dateModified\":\"2026-03-23T15:38:28+00:00\",\"breadcrumb\":{\"@id\":\"https:\\\/\\\/sockerslottet.com\\\/produkt\\\/blommig-skjortklanning\\\/#breadcrumb\"},\"inLanguage\":\"en-US\",\"potentialAction\":[{\"@type\":\"ReadAction\",\"target\":[\"https:\\\/\\\/sockerslottet.com\\\/produkt\\\/blommig-skjortklanning\\\/\"]}]},{\"@type\":\"ImageObject\",\"inLanguage\":\"en-US\",\"@id\":\"https:\\\/\\\/sockerslottet.com\\\/produkt\\\/blommig-skjortklanning\\\/#primaryimage\",\"url\":\"https:\\\/\\\/sockerslottet.com\\\/wp-content\\\/uploads\\\/2026\\\/03\\\/03eb1c03dc817990ab5bdbc8cc42e85355fe03bb24b59989c5a07d3addcd28e7.webp\",\"contentUrl\":\"https:\\\/\\\/sockerslottet.com\\\/wp-content\\\/uploads\\\/2026\\\/03\\\/03eb1c03dc817990ab5bdbc8cc42e85355fe03bb24b59989c5a07d3addcd28e7.webp\",\"width\":594,\"height\":891},{\"@type\":\"BreadcrumbList\",\"@id\":\"https:\\\/\\\/sockerslottet.com\\\/produkt\\\/blommig-skjortklanning\\\/#breadcrumb\",\"itemListElement\":[{\"@type\":\"ListItem\",\"position\":1,\"name\":\"Hem\",\"item\":\"https:\\\/\\\/sockerslottet.com\\\/en\\\/startsida\\\/\"},{\"@type\":\"ListItem\",\"position\":2,\"name\":\"Blommig skjortkl\u00e4nning\"}]},{\"@type\":\"WebSite\",\"@id\":\"https:\\\/\\\/sockerslottet.com\\\/#website\",\"url\":\"https:\\\/\\\/sockerslottet.com\\\/\",\"name\":\"Sockerslottet\",\"description\":\"Chokladbutiken i Sockerslottet, Sockerslottets Hotell, v\u00e5ra olika webbutiker eller om du \u00e4r intresserad av att best\u00e4lla en t\u00e5rta, g\u00e5 p\u00e5 kurs eller komma i kontakt med Gunilla Wall\",\"publisher\":{\"@id\":\"https:\\\/\\\/sockerslottet.com\\\/#organization\"},\"potentialAction\":[{\"@type\":\"SearchAction\",\"target\":{\"@type\":\"EntryPoint\",\"urlTemplate\":\"https:\\\/\\\/sockerslottet.com\\\/?s={search_term_string}\"},\"query-input\":{\"@type\":\"PropertyValueSpecification\",\"valueRequired\":true,\"valueName\":\"search_term_string\"}}],\"inLanguage\":\"en-US\"},{\"@type\":\"Organization\",\"@id\":\"https:\\\/\\\/sockerslottet.com\\\/#organization\",\"name\":\"Sockerslottet\",\"url\":\"https:\\\/\\\/sockerslottet.com\\\/\",\"logo\":{\"@type\":\"ImageObject\",\"inLanguage\":\"en-US\",\"@id\":\"https:\\\/\\\/sockerslottet.com\\\/#\\\/schema\\\/logo\\\/image\\\/\",\"url\":\"https:\\\/\\\/sockerslottet.com\\\/wp-content\\\/uploads\\\/2023\\\/06\\\/sockerslottet_logotyp.png\",\"contentUrl\":\"https:\\\/\\\/sockerslottet.com\\\/wp-content\\\/uploads\\\/2023\\\/06\\\/sockerslottet_logotyp.png\",\"width\":300,\"height\":176,\"caption\":\"Sockerslottet\"},\"image\":{\"@id\":\"https:\\\/\\\/sockerslottet.com\\\/#\\\/schema\\\/logo\\\/image\\\/\"},\"sameAs\":[\"https:\\\/\\\/www.facebook.com\\\/Sockerslottet\",\"https:\\\/\\\/www.instagram.com\\\/sockerslottet\\\/\"]}]}<\/script>\n<!-- \/ Yoast SEO plugin. -->","yoast_head_json":{"title":"Blommig skjortkl\u00e4nning - Sockerslottet","robots":{"index":"index","follow":"follow","max-snippet":"max-snippet:-1","max-image-preview":"max-image-preview:large","max-video-preview":"max-video-preview:-1"},"canonical":"https:\/\/sockerslottet.com\/produkt\/blommig-skjortklanning\/","og_locale":"en_US","og_type":"article","og_title":"Blommig skjortkl\u00e4nning - Sockerslottet","og_description":"Blommig skjortkl\u00e4nning i 100% linne One size TIllverkad i Italien &nbsp;","og_url":"https:\/\/sockerslottet.com\/produkt\/blommig-skjortklanning\/","og_site_name":"Sockerslottet","article_publisher":"https:\/\/www.facebook.com\/Sockerslottet","article_modified_time":"2026-03-23T15:38:28+00:00","og_image":[{"width":594,"height":891,"url":"https:\/\/sockerslottet.com\/wp-content\/uploads\/2026\/03\/03eb1c03dc817990ab5bdbc8cc42e85355fe03bb24b59989c5a07d3addcd28e7.webp","type":"image\/webp"}],"twitter_card":"summary_large_image","schema":{"@context":"https:\/\/schema.org","@graph":[{"@type":"WebPage","@id":"https:\/\/sockerslottet.com\/produkt\/blommig-skjortklanning\/","url":"https:\/\/sockerslottet.com\/produkt\/blommig-skjortklanning\/","name":"Blommig skjortkl\u00e4nning - Sockerslottet","isPartOf":{"@id":"https:\/\/sockerslottet.com\/#website"},"primaryImageOfPage":{"@id":"https:\/\/sockerslottet.com\/produkt\/blommig-skjortklanning\/#primaryimage"},"image":{"@id":"https:\/\/sockerslottet.com\/produkt\/blommig-skjortklanning\/#primaryimage"},"thumbnailUrl":"https:\/\/sockerslottet.com\/wp-content\/uploads\/2026\/03\/03eb1c03dc817990ab5bdbc8cc42e85355fe03bb24b59989c5a07d3addcd28e7.webp","datePublished":"2026-03-23T15:37:34+00:00","dateModified":"2026-03-23T15:38:28+00:00","breadcrumb":{"@id":"https:\/\/sockerslottet.com\/produkt\/blommig-skjortklanning\/#breadcrumb"},"inLanguage":"en-US","potentialAction":[{"@type":"ReadAction","target":["https:\/\/sockerslottet.com\/produkt\/blommig-skjortklanning\/"]}]},{"@type":"ImageObject","inLanguage":"en-US","@id":"https:\/\/sockerslottet.com\/produkt\/blommig-skjortklanning\/#primaryimage","url":"https:\/\/sockerslottet.com\/wp-content\/uploads\/2026\/03\/03eb1c03dc817990ab5bdbc8cc42e85355fe03bb24b59989c5a07d3addcd28e7.webp","contentUrl":"https:\/\/sockerslottet.com\/wp-content\/uploads\/2026\/03\/03eb1c03dc817990ab5bdbc8cc42e85355fe03bb24b59989c5a07d3addcd28e7.webp","width":594,"height":891},{"@type":"BreadcrumbList","@id":"https:\/\/sockerslottet.com\/produkt\/blommig-skjortklanning\/#breadcrumb","itemListElement":[{"@type":"ListItem","position":1,"name":"Hem","item":"https:\/\/sockerslottet.com\/en\/startsida\/"},{"@type":"ListItem","position":2,"name":"Blommig skjortkl\u00e4nning"}]},{"@type":"WebSite","@id":"https:\/\/sockerslottet.com\/#website","url":"https:\/\/sockerslottet.com\/","name":"Sockerslottet","description":"Chokladbutiken i Sockerslottet, Sockerslottets Hotell, v\u00e5ra olika webbutiker eller om du \u00e4r intresserad av att best\u00e4lla en t\u00e5rta, g\u00e5 p\u00e5 kurs eller komma i kontakt med Gunilla Wall","publisher":{"@id":"https:\/\/sockerslottet.com\/#organization"},"potentialAction":[{"@type":"SearchAction","target":{"@type":"EntryPoint","urlTemplate":"https:\/\/sockerslottet.com\/?s={search_term_string}"},"query-input":{"@type":"PropertyValueSpecification","valueRequired":true,"valueName":"search_term_string"}}],"inLanguage":"en-US"},{"@type":"Organization","@id":"https:\/\/sockerslottet.com\/#organization","name":"Sockerslottet","url":"https:\/\/sockerslottet.com\/","logo":{"@type":"ImageObject","inLanguage":"en-US","@id":"https:\/\/sockerslottet.com\/#\/schema\/logo\/image\/","url":"https:\/\/sockerslottet.com\/wp-content\/uploads\/2023\/06\/sockerslottet_logotyp.png","contentUrl":"https:\/\/sockerslottet.com\/wp-content\/uploads\/2023\/06\/sockerslottet_logotyp.png","width":300,"height":176,"caption":"Sockerslottet"},"image":{"@id":"https:\/\/sockerslottet.com\/#\/schema\/logo\/image\/"},"sameAs":["https:\/\/www.facebook.com\/Sockerslottet","https:\/\/www.instagram.com\/sockerslottet\/"]}]}},"_links":{"self":[{"href":"https:\/\/sockerslottet.com\/en\/wp-json\/wp\/v2\/product\/22991782","targetHints":{"allow":["GET"]}}],"collection":[{"href":"https:\/\/sockerslottet.com\/en\/wp-json\/wp\/v2\/product"}],"about":[{"href":"https:\/\/sockerslottet.com\/en\/wp-json\/wp\/v2\/types\/product"}],"replies":[{"embeddable":true,"href":"https:\/\/sockerslottet.com\/en\/wp-json\/wp\/v2\/comments?post=22991782"}],"wp:featuredmedia":[{"embeddable":true,"href":"https:\/\/sockerslottet.com\/en\/wp-json\/wp\/v2\/media\/22991783"}],"wp:attachment":[{"href":"https:\/\/sockerslottet.com\/en\/wp-json\/wp\/v2\/media?parent=22991782"}],"wp:term":[{"taxonomy":"product_brand","embeddable":true,"href":"https:\/\/sockerslottet.com\/en\/wp-json\/wp\/v2\/product_brand?post=22991782"},{"taxonomy":"product_cat","embeddable":true,"href":"https:\/\/sockerslottet.com\/en\/wp-json\/wp\/v2\/product_cat?post=22991782"},{"taxonomy":"product_tag","embeddable":true,"href":"https:\/\/sockerslottet.com\/en\/wp-json\/wp\/v2\/product_tag?post=22991782"}],"curies":[{"name":"wp","href":"https:\/\/api.w.org\/{rel}","templated":true}]}}