{"id":22991821,"date":"2026-03-23T19:04:38","date_gmt":"2026-03-23T18:04:38","guid":{"rendered":"https:\/\/sockerslottet.com\/?post_type=product&#038;p=22991821"},"modified":"2026-04-01T11:04:43","modified_gmt":"2026-04-01T09:04:43","slug":"almond-allure-lakritsbolaget","status":"publish","type":"product","link":"https:\/\/sockerslottet.com\/en\/produkt\/almond-allure-lakritsbolaget\/","title":{"rendered":"Almond Allure, Lakritsbolaget"},"content":{"rendered":"<p>Chokladdragerad mandel rullad i lakritspulver och salmiak.<br \/>\nKr\u00e4mig mj\u00f6lkchoklad m\u00f6ter krispig mandel och en touch av salmiak f\u00f6r en sp\u00e4nnande smakresa. Den salta lakritstonen lyfter n\u00f6tighetens s\u00f6tma och skapar en oemotst\u00e5ndlig kombination som dr\u00f6jer sig kvar.<\/p>\n<p>Ingredienser:(Mandel) (32,5 %), kakaosm\u00f6r, kostfiber: inulin, kostfiber: oligofruktos, kakaomassa, helmj\u00f6lkspulver, skummj\u00f6lkspulver, s\u00f6tningsmedel: erytritol, lakritspulver (1,6 %), ammoniumklorid (E510), emulgeringsmedel: sojalecitin (E322), s\u00f6tningsmedel: steviolglykosider fr\u00e5n stevia, naturlig arom, naturlig vaniljarom. Inneh\u00e5ller s\u00f6tningsmedel: Steviaextrakt<br \/>\nAllergener:Mj\u00f6lk, n\u00f6tter, soja.<\/p>\n","protected":false},"excerpt":{"rendered":"<p>Chokladdragerad mandel rullad i lakritspulver och salmiak. Kr\u00e4mig mj\u00f6lkchoklad m\u00f6ter krispig mandel och en touch av salmiak f\u00f6r en sp\u00e4nnande smakresa. Den salta lakritstonen lyfter n\u00f6tighetens s\u00f6tma och skapar en oemotst\u00e5ndlig kombination som dr\u00f6jer sig kvar. Ingredienser:(Mandel) (32,5 %), kakaosm\u00f6r, kostfiber: inulin, kostfiber: oligofruktos, kakaomassa, helmj\u00f6lkspulver, skummj\u00f6lkspulver, s\u00f6tningsmedel: erytritol, lakritspulver (1,6 %), ammoniumklorid (E510), emulgeringsmedel: [&hellip;]<\/p>\n","protected":false},"featured_media":22991826,"comment_status":"closed","ping_status":"closed","template":"","meta":{"_et_pb_use_builder":"off","_et_pb_old_content":"Lyxig ask i brunt med sidenband. Vilka sorter som ing\u00e5r i asken kan variera. H\u00f6r av dig till oss om du vill veta exakt vilka praliner som ing\u00e5r just nu.Exakt utseende p\u00e5 asken kan ocks\u00e5 variera.\r\n<div>Ingredienser: kakaomassa, socker, kakaosm\u00f6r, skumMJ\u00d6LKspulver, helMJ\u00d6LKspulver, GR\u00c4DDE, SM\u00d6R, glukos, invertsocker, hallon, passionsfrukt, svarta vinb\u00e4r, punsch, m\u00f6rk rom, muskotn\u00f6t, r\u00e5lakrits, \u00e4kta vanilj (fr\u00e5n Tahiti), havssalt, SOJAlecitin (E322)<\/div>\r\n<div>Kan inneh\u00e5lla sp\u00e5r av gluten, mandel och n\u00f6tter<\/div>\r\nChoklad f\u00f6rvaras och avnjuts b\u00e4st vid 18-20\u00b0\r\nB\u00e4st f\u00f6re 15-11-2023","_et_gb_content_width":""},"product_brand":[],"product_cat":[61],"product_tag":[],"class_list":{"0":"post-22991821","1":"product","2":"type-product","3":"status-publish","4":"has-post-thumbnail","6":"product_cat-lakrits","8":"first","9":"instock","10":"featured","11":"taxable","12":"shipping-taxable","13":"purchasable","14":"product-type-simple"},"yoast_head":"<!-- This site is optimized with the Yoast SEO plugin v27.4 - https:\/\/yoast.com\/product\/yoast-seo-wordpress\/ -->\n<title>Almond Allure, Lakritsbolaget - Sockerslottet<\/title>\n<meta name=\"robots\" content=\"index, follow, max-snippet:-1, max-image-preview:large, max-video-preview:-1\" \/>\n<link rel=\"canonical\" href=\"https:\/\/sockerslottet.com\/produkt\/almond-allure-lakritsbolaget\/\" \/>\n<meta property=\"og:locale\" content=\"en_US\" \/>\n<meta property=\"og:type\" content=\"article\" \/>\n<meta property=\"og:title\" content=\"Almond Allure, Lakritsbolaget - Sockerslottet\" \/>\n<meta property=\"og:description\" content=\"Chokladdragerad mandel rullad i lakritspulver och salmiak. Kr\u00e4mig mj\u00f6lkchoklad m\u00f6ter krispig mandel och en touch av salmiak f\u00f6r en sp\u00e4nnande smakresa. Den salta lakritstonen lyfter n\u00f6tighetens s\u00f6tma och skapar en oemotst\u00e5ndlig kombination som dr\u00f6jer sig kvar. Ingredienser:(Mandel) (32,5 %), kakaosm\u00f6r, kostfiber: inulin, kostfiber: oligofruktos, kakaomassa, helmj\u00f6lkspulver, skummj\u00f6lkspulver, s\u00f6tningsmedel: erytritol, lakritspulver (1,6 %), ammoniumklorid (E510), emulgeringsmedel: [&hellip;]\" \/>\n<meta property=\"og:url\" content=\"https:\/\/sockerslottet.com\/produkt\/almond-allure-lakritsbolaget\/\" \/>\n<meta property=\"og:site_name\" content=\"Sockerslottet\" \/>\n<meta property=\"article:publisher\" content=\"https:\/\/www.facebook.com\/Sockerslottet\" \/>\n<meta property=\"article:modified_time\" content=\"2026-04-01T09:04:43+00:00\" \/>\n<meta property=\"og:image\" content=\"https:\/\/sockerslottet.com\/wp-content\/uploads\/2026\/03\/a1.webp\" \/>\n\t<meta property=\"og:image:width\" content=\"1181\" \/>\n\t<meta property=\"og:image:height\" content=\"827\" \/>\n\t<meta property=\"og:image:type\" content=\"image\/webp\" \/>\n<meta name=\"twitter:card\" content=\"summary_large_image\" \/>\n<script type=\"application\/ld+json\" class=\"yoast-schema-graph\">{\"@context\":\"https:\\\/\\\/schema.org\",\"@graph\":[{\"@type\":\"WebPage\",\"@id\":\"https:\\\/\\\/sockerslottet.com\\\/produkt\\\/almond-allure-lakritsbolaget\\\/\",\"url\":\"https:\\\/\\\/sockerslottet.com\\\/produkt\\\/almond-allure-lakritsbolaget\\\/\",\"name\":\"Almond Allure, Lakritsbolaget - Sockerslottet\",\"isPartOf\":{\"@id\":\"https:\\\/\\\/sockerslottet.com\\\/#website\"},\"primaryImageOfPage\":{\"@id\":\"https:\\\/\\\/sockerslottet.com\\\/produkt\\\/almond-allure-lakritsbolaget\\\/#primaryimage\"},\"image\":{\"@id\":\"https:\\\/\\\/sockerslottet.com\\\/produkt\\\/almond-allure-lakritsbolaget\\\/#primaryimage\"},\"thumbnailUrl\":\"https:\\\/\\\/sockerslottet.com\\\/wp-content\\\/uploads\\\/2026\\\/03\\\/a1.webp\",\"datePublished\":\"2026-03-23T18:04:38+00:00\",\"dateModified\":\"2026-04-01T09:04:43+00:00\",\"breadcrumb\":{\"@id\":\"https:\\\/\\\/sockerslottet.com\\\/produkt\\\/almond-allure-lakritsbolaget\\\/#breadcrumb\"},\"inLanguage\":\"en-US\",\"potentialAction\":[{\"@type\":\"ReadAction\",\"target\":[\"https:\\\/\\\/sockerslottet.com\\\/produkt\\\/almond-allure-lakritsbolaget\\\/\"]}]},{\"@type\":\"ImageObject\",\"inLanguage\":\"en-US\",\"@id\":\"https:\\\/\\\/sockerslottet.com\\\/produkt\\\/almond-allure-lakritsbolaget\\\/#primaryimage\",\"url\":\"https:\\\/\\\/sockerslottet.com\\\/wp-content\\\/uploads\\\/2026\\\/03\\\/a1.webp\",\"contentUrl\":\"https:\\\/\\\/sockerslottet.com\\\/wp-content\\\/uploads\\\/2026\\\/03\\\/a1.webp\",\"width\":1181,\"height\":827},{\"@type\":\"BreadcrumbList\",\"@id\":\"https:\\\/\\\/sockerslottet.com\\\/produkt\\\/almond-allure-lakritsbolaget\\\/#breadcrumb\",\"itemListElement\":[{\"@type\":\"ListItem\",\"position\":1,\"name\":\"Hem\",\"item\":\"https:\\\/\\\/sockerslottet.com\\\/en\\\/startsida\\\/\"},{\"@type\":\"ListItem\",\"position\":2,\"name\":\"Almond Allure, Lakritsbolaget\"}]},{\"@type\":\"WebSite\",\"@id\":\"https:\\\/\\\/sockerslottet.com\\\/#website\",\"url\":\"https:\\\/\\\/sockerslottet.com\\\/\",\"name\":\"Sockerslottet\",\"description\":\"Chokladbutiken i Sockerslottet, Sockerslottets Hotell, v\u00e5ra olika webbutiker eller om du \u00e4r intresserad av att best\u00e4lla en t\u00e5rta, g\u00e5 p\u00e5 kurs eller komma i kontakt med Gunilla Wall\",\"publisher\":{\"@id\":\"https:\\\/\\\/sockerslottet.com\\\/#organization\"},\"potentialAction\":[{\"@type\":\"SearchAction\",\"target\":{\"@type\":\"EntryPoint\",\"urlTemplate\":\"https:\\\/\\\/sockerslottet.com\\\/?s={search_term_string}\"},\"query-input\":{\"@type\":\"PropertyValueSpecification\",\"valueRequired\":true,\"valueName\":\"search_term_string\"}}],\"inLanguage\":\"en-US\"},{\"@type\":\"Organization\",\"@id\":\"https:\\\/\\\/sockerslottet.com\\\/#organization\",\"name\":\"Sockerslottet\",\"url\":\"https:\\\/\\\/sockerslottet.com\\\/\",\"logo\":{\"@type\":\"ImageObject\",\"inLanguage\":\"en-US\",\"@id\":\"https:\\\/\\\/sockerslottet.com\\\/#\\\/schema\\\/logo\\\/image\\\/\",\"url\":\"https:\\\/\\\/sockerslottet.com\\\/wp-content\\\/uploads\\\/2023\\\/06\\\/sockerslottet_logotyp.png\",\"contentUrl\":\"https:\\\/\\\/sockerslottet.com\\\/wp-content\\\/uploads\\\/2023\\\/06\\\/sockerslottet_logotyp.png\",\"width\":300,\"height\":176,\"caption\":\"Sockerslottet\"},\"image\":{\"@id\":\"https:\\\/\\\/sockerslottet.com\\\/#\\\/schema\\\/logo\\\/image\\\/\"},\"sameAs\":[\"https:\\\/\\\/www.facebook.com\\\/Sockerslottet\",\"https:\\\/\\\/www.instagram.com\\\/sockerslottet\\\/\"]}]}<\/script>\n<!-- \/ Yoast SEO plugin. -->","yoast_head_json":{"title":"Almond Allure, Lakritsbolaget - Sockerslottet","robots":{"index":"index","follow":"follow","max-snippet":"max-snippet:-1","max-image-preview":"max-image-preview:large","max-video-preview":"max-video-preview:-1"},"canonical":"https:\/\/sockerslottet.com\/produkt\/almond-allure-lakritsbolaget\/","og_locale":"en_US","og_type":"article","og_title":"Almond Allure, Lakritsbolaget - Sockerslottet","og_description":"Chokladdragerad mandel rullad i lakritspulver och salmiak. Kr\u00e4mig mj\u00f6lkchoklad m\u00f6ter krispig mandel och en touch av salmiak f\u00f6r en sp\u00e4nnande smakresa. Den salta lakritstonen lyfter n\u00f6tighetens s\u00f6tma och skapar en oemotst\u00e5ndlig kombination som dr\u00f6jer sig kvar. Ingredienser:(Mandel) (32,5 %), kakaosm\u00f6r, kostfiber: inulin, kostfiber: oligofruktos, kakaomassa, helmj\u00f6lkspulver, skummj\u00f6lkspulver, s\u00f6tningsmedel: erytritol, lakritspulver (1,6 %), ammoniumklorid (E510), emulgeringsmedel: [&hellip;]","og_url":"https:\/\/sockerslottet.com\/produkt\/almond-allure-lakritsbolaget\/","og_site_name":"Sockerslottet","article_publisher":"https:\/\/www.facebook.com\/Sockerslottet","article_modified_time":"2026-04-01T09:04:43+00:00","og_image":[{"width":1181,"height":827,"url":"https:\/\/sockerslottet.com\/wp-content\/uploads\/2026\/03\/a1.webp","type":"image\/webp"}],"twitter_card":"summary_large_image","schema":{"@context":"https:\/\/schema.org","@graph":[{"@type":"WebPage","@id":"https:\/\/sockerslottet.com\/produkt\/almond-allure-lakritsbolaget\/","url":"https:\/\/sockerslottet.com\/produkt\/almond-allure-lakritsbolaget\/","name":"Almond Allure, Lakritsbolaget - Sockerslottet","isPartOf":{"@id":"https:\/\/sockerslottet.com\/#website"},"primaryImageOfPage":{"@id":"https:\/\/sockerslottet.com\/produkt\/almond-allure-lakritsbolaget\/#primaryimage"},"image":{"@id":"https:\/\/sockerslottet.com\/produkt\/almond-allure-lakritsbolaget\/#primaryimage"},"thumbnailUrl":"https:\/\/sockerslottet.com\/wp-content\/uploads\/2026\/03\/a1.webp","datePublished":"2026-03-23T18:04:38+00:00","dateModified":"2026-04-01T09:04:43+00:00","breadcrumb":{"@id":"https:\/\/sockerslottet.com\/produkt\/almond-allure-lakritsbolaget\/#breadcrumb"},"inLanguage":"en-US","potentialAction":[{"@type":"ReadAction","target":["https:\/\/sockerslottet.com\/produkt\/almond-allure-lakritsbolaget\/"]}]},{"@type":"ImageObject","inLanguage":"en-US","@id":"https:\/\/sockerslottet.com\/produkt\/almond-allure-lakritsbolaget\/#primaryimage","url":"https:\/\/sockerslottet.com\/wp-content\/uploads\/2026\/03\/a1.webp","contentUrl":"https:\/\/sockerslottet.com\/wp-content\/uploads\/2026\/03\/a1.webp","width":1181,"height":827},{"@type":"BreadcrumbList","@id":"https:\/\/sockerslottet.com\/produkt\/almond-allure-lakritsbolaget\/#breadcrumb","itemListElement":[{"@type":"ListItem","position":1,"name":"Hem","item":"https:\/\/sockerslottet.com\/en\/startsida\/"},{"@type":"ListItem","position":2,"name":"Almond Allure, Lakritsbolaget"}]},{"@type":"WebSite","@id":"https:\/\/sockerslottet.com\/#website","url":"https:\/\/sockerslottet.com\/","name":"Sockerslottet","description":"Chokladbutiken i Sockerslottet, Sockerslottets Hotell, v\u00e5ra olika webbutiker eller om du \u00e4r intresserad av att best\u00e4lla en t\u00e5rta, g\u00e5 p\u00e5 kurs eller komma i kontakt med Gunilla Wall","publisher":{"@id":"https:\/\/sockerslottet.com\/#organization"},"potentialAction":[{"@type":"SearchAction","target":{"@type":"EntryPoint","urlTemplate":"https:\/\/sockerslottet.com\/?s={search_term_string}"},"query-input":{"@type":"PropertyValueSpecification","valueRequired":true,"valueName":"search_term_string"}}],"inLanguage":"en-US"},{"@type":"Organization","@id":"https:\/\/sockerslottet.com\/#organization","name":"Sockerslottet","url":"https:\/\/sockerslottet.com\/","logo":{"@type":"ImageObject","inLanguage":"en-US","@id":"https:\/\/sockerslottet.com\/#\/schema\/logo\/image\/","url":"https:\/\/sockerslottet.com\/wp-content\/uploads\/2023\/06\/sockerslottet_logotyp.png","contentUrl":"https:\/\/sockerslottet.com\/wp-content\/uploads\/2023\/06\/sockerslottet_logotyp.png","width":300,"height":176,"caption":"Sockerslottet"},"image":{"@id":"https:\/\/sockerslottet.com\/#\/schema\/logo\/image\/"},"sameAs":["https:\/\/www.facebook.com\/Sockerslottet","https:\/\/www.instagram.com\/sockerslottet\/"]}]}},"_links":{"self":[{"href":"https:\/\/sockerslottet.com\/en\/wp-json\/wp\/v2\/product\/22991821","targetHints":{"allow":["GET"]}}],"collection":[{"href":"https:\/\/sockerslottet.com\/en\/wp-json\/wp\/v2\/product"}],"about":[{"href":"https:\/\/sockerslottet.com\/en\/wp-json\/wp\/v2\/types\/product"}],"replies":[{"embeddable":true,"href":"https:\/\/sockerslottet.com\/en\/wp-json\/wp\/v2\/comments?post=22991821"}],"wp:featuredmedia":[{"embeddable":true,"href":"https:\/\/sockerslottet.com\/en\/wp-json\/wp\/v2\/media\/22991826"}],"wp:attachment":[{"href":"https:\/\/sockerslottet.com\/en\/wp-json\/wp\/v2\/media?parent=22991821"}],"wp:term":[{"taxonomy":"product_brand","embeddable":true,"href":"https:\/\/sockerslottet.com\/en\/wp-json\/wp\/v2\/product_brand?post=22991821"},{"taxonomy":"product_cat","embeddable":true,"href":"https:\/\/sockerslottet.com\/en\/wp-json\/wp\/v2\/product_cat?post=22991821"},{"taxonomy":"product_tag","embeddable":true,"href":"https:\/\/sockerslottet.com\/en\/wp-json\/wp\/v2\/product_tag?post=22991821"}],"curies":[{"name":"wp","href":"https:\/\/api.w.org\/{rel}","templated":true}]}}