{"id":22991846,"date":"2026-03-23T19:07:22","date_gmt":"2026-03-23T18:07:22","guid":{"rendered":"https:\/\/sockerslottet.com\/?post_type=product&#038;p=22991846"},"modified":"2026-04-01T11:04:34","modified_gmt":"2026-04-01T09:04:34","slug":"passion-fever-lakritsbolaget","status":"publish","type":"product","link":"https:\/\/sockerslottet.com\/en\/produkt\/passion-fever-lakritsbolaget\/","title":{"rendered":"Passion Fever, Lakritsbolaget"},"content":{"rendered":"<p>Vit chokladdragerad lakrits med smak av passion (Glutenfri)<br \/>\nEn tropisk f\u00f6rf\u00f6relse d\u00e4r silkeslen vit choklad sm\u00e4lter samman med syrlig passionsfrukt och mjuk lakrits. Frisk, fruktig och fyllig \u2013 en het smakupplevelse som v\u00e4cker alla sinnen och l\u00e4mnar dig med smak av mer.<\/p>\n<p>Ingredienser:Socker, kakaosm\u00f6r, helmj\u00f6lkspulver, sirap, majsmj\u00f6l, invertsocker, lakrits (1,7 %), passionsfruktspulver (1,6 %), salt, stabiliseringsmedel (E420), konserveringsmedel (E202), salmiak (ammoniumklorid) (0,3 %), emulgeringsmedel (E322 sojalecitin), arom (vanilj), ytbehandlingsmedel: kokosolja, ytbehandlingsmedel (E903), f\u00e4rg\u00e4mne (E100).<br \/>\nAllergener: Mj\u00f6lk och soja.<br \/>\nKan inneh\u00e5lla sp\u00e5r av: Mandel och hasseln\u00f6tter.<\/p>\n","protected":false},"excerpt":{"rendered":"<p>Vit chokladdragerad lakrits med smak av passion (Glutenfri) En tropisk f\u00f6rf\u00f6relse d\u00e4r silkeslen vit choklad sm\u00e4lter samman med syrlig passionsfrukt och mjuk lakrits. Frisk, fruktig och fyllig \u2013 en het smakupplevelse som v\u00e4cker alla sinnen och l\u00e4mnar dig med smak av mer. Ingredienser:Socker, kakaosm\u00f6r, helmj\u00f6lkspulver, sirap, majsmj\u00f6l, invertsocker, lakrits (1,7 %), passionsfruktspulver (1,6 %), salt, [&hellip;]<\/p>\n","protected":false},"featured_media":22991840,"comment_status":"closed","ping_status":"closed","template":"","meta":{"_et_pb_use_builder":"off","_et_pb_old_content":"Lyxig ask i brunt med sidenband. Vilka sorter som ing\u00e5r i asken kan variera. H\u00f6r av dig till oss om du vill veta exakt vilka praliner som ing\u00e5r just nu.Exakt utseende p\u00e5 asken kan ocks\u00e5 variera.\r\n<div>Ingredienser: kakaomassa, socker, kakaosm\u00f6r, skumMJ\u00d6LKspulver, helMJ\u00d6LKspulver, GR\u00c4DDE, SM\u00d6R, glukos, invertsocker, hallon, passionsfrukt, svarta vinb\u00e4r, punsch, m\u00f6rk rom, muskotn\u00f6t, r\u00e5lakrits, \u00e4kta vanilj (fr\u00e5n Tahiti), havssalt, SOJAlecitin (E322)<\/div>\r\n<div>Kan inneh\u00e5lla sp\u00e5r av gluten, mandel och n\u00f6tter<\/div>\r\nChoklad f\u00f6rvaras och avnjuts b\u00e4st vid 18-20\u00b0\r\nB\u00e4st f\u00f6re 15-11-2023","_et_gb_content_width":""},"product_brand":[],"product_cat":[61],"product_tag":[],"class_list":{"0":"post-22991846","1":"product","2":"type-product","3":"status-publish","4":"has-post-thumbnail","6":"product_cat-lakrits","8":"first","9":"instock","10":"featured","11":"taxable","12":"shipping-taxable","13":"purchasable","14":"product-type-simple"},"yoast_head":"<!-- This site is optimized with the Yoast SEO plugin v27.4 - https:\/\/yoast.com\/product\/yoast-seo-wordpress\/ -->\n<title>Passion Fever, Lakritsbolaget - Sockerslottet<\/title>\n<meta name=\"robots\" content=\"index, follow, max-snippet:-1, max-image-preview:large, max-video-preview:-1\" \/>\n<link rel=\"canonical\" href=\"https:\/\/sockerslottet.com\/produkt\/passion-fever-lakritsbolaget\/\" \/>\n<meta property=\"og:locale\" content=\"en_US\" \/>\n<meta property=\"og:type\" content=\"article\" \/>\n<meta property=\"og:title\" content=\"Passion Fever, Lakritsbolaget - Sockerslottet\" \/>\n<meta property=\"og:description\" content=\"Vit chokladdragerad lakrits med smak av passion (Glutenfri) En tropisk f\u00f6rf\u00f6relse d\u00e4r silkeslen vit choklad sm\u00e4lter samman med syrlig passionsfrukt och mjuk lakrits. Frisk, fruktig och fyllig \u2013 en het smakupplevelse som v\u00e4cker alla sinnen och l\u00e4mnar dig med smak av mer. Ingredienser:Socker, kakaosm\u00f6r, helmj\u00f6lkspulver, sirap, majsmj\u00f6l, invertsocker, lakrits (1,7 %), passionsfruktspulver (1,6 %), salt, [&hellip;]\" \/>\n<meta property=\"og:url\" content=\"https:\/\/sockerslottet.com\/produkt\/passion-fever-lakritsbolaget\/\" \/>\n<meta property=\"og:site_name\" content=\"Sockerslottet\" \/>\n<meta property=\"article:publisher\" content=\"https:\/\/www.facebook.com\/Sockerslottet\" \/>\n<meta property=\"article:modified_time\" content=\"2026-04-01T09:04:34+00:00\" \/>\n<meta property=\"og:image\" content=\"https:\/\/sockerslottet.com\/wp-content\/uploads\/2026\/03\/pa2.webp\" \/>\n\t<meta property=\"og:image:width\" content=\"1200\" \/>\n\t<meta property=\"og:image:height\" content=\"840\" \/>\n\t<meta property=\"og:image:type\" content=\"image\/webp\" \/>\n<meta name=\"twitter:card\" content=\"summary_large_image\" \/>\n<script type=\"application\/ld+json\" class=\"yoast-schema-graph\">{\"@context\":\"https:\\\/\\\/schema.org\",\"@graph\":[{\"@type\":\"WebPage\",\"@id\":\"https:\\\/\\\/sockerslottet.com\\\/produkt\\\/passion-fever-lakritsbolaget\\\/\",\"url\":\"https:\\\/\\\/sockerslottet.com\\\/produkt\\\/passion-fever-lakritsbolaget\\\/\",\"name\":\"Passion Fever, Lakritsbolaget - Sockerslottet\",\"isPartOf\":{\"@id\":\"https:\\\/\\\/sockerslottet.com\\\/#website\"},\"primaryImageOfPage\":{\"@id\":\"https:\\\/\\\/sockerslottet.com\\\/produkt\\\/passion-fever-lakritsbolaget\\\/#primaryimage\"},\"image\":{\"@id\":\"https:\\\/\\\/sockerslottet.com\\\/produkt\\\/passion-fever-lakritsbolaget\\\/#primaryimage\"},\"thumbnailUrl\":\"https:\\\/\\\/sockerslottet.com\\\/wp-content\\\/uploads\\\/2026\\\/03\\\/pa2.webp\",\"datePublished\":\"2026-03-23T18:07:22+00:00\",\"dateModified\":\"2026-04-01T09:04:34+00:00\",\"breadcrumb\":{\"@id\":\"https:\\\/\\\/sockerslottet.com\\\/produkt\\\/passion-fever-lakritsbolaget\\\/#breadcrumb\"},\"inLanguage\":\"en-US\",\"potentialAction\":[{\"@type\":\"ReadAction\",\"target\":[\"https:\\\/\\\/sockerslottet.com\\\/produkt\\\/passion-fever-lakritsbolaget\\\/\"]}]},{\"@type\":\"ImageObject\",\"inLanguage\":\"en-US\",\"@id\":\"https:\\\/\\\/sockerslottet.com\\\/produkt\\\/passion-fever-lakritsbolaget\\\/#primaryimage\",\"url\":\"https:\\\/\\\/sockerslottet.com\\\/wp-content\\\/uploads\\\/2026\\\/03\\\/pa2.webp\",\"contentUrl\":\"https:\\\/\\\/sockerslottet.com\\\/wp-content\\\/uploads\\\/2026\\\/03\\\/pa2.webp\",\"width\":1200,\"height\":840},{\"@type\":\"BreadcrumbList\",\"@id\":\"https:\\\/\\\/sockerslottet.com\\\/produkt\\\/passion-fever-lakritsbolaget\\\/#breadcrumb\",\"itemListElement\":[{\"@type\":\"ListItem\",\"position\":1,\"name\":\"Hem\",\"item\":\"https:\\\/\\\/sockerslottet.com\\\/en\\\/startsida\\\/\"},{\"@type\":\"ListItem\",\"position\":2,\"name\":\"Passion Fever, Lakritsbolaget\"}]},{\"@type\":\"WebSite\",\"@id\":\"https:\\\/\\\/sockerslottet.com\\\/#website\",\"url\":\"https:\\\/\\\/sockerslottet.com\\\/\",\"name\":\"Sockerslottet\",\"description\":\"Chokladbutiken i Sockerslottet, Sockerslottets Hotell, v\u00e5ra olika webbutiker eller om du \u00e4r intresserad av att best\u00e4lla en t\u00e5rta, g\u00e5 p\u00e5 kurs eller komma i kontakt med Gunilla Wall\",\"publisher\":{\"@id\":\"https:\\\/\\\/sockerslottet.com\\\/#organization\"},\"potentialAction\":[{\"@type\":\"SearchAction\",\"target\":{\"@type\":\"EntryPoint\",\"urlTemplate\":\"https:\\\/\\\/sockerslottet.com\\\/?s={search_term_string}\"},\"query-input\":{\"@type\":\"PropertyValueSpecification\",\"valueRequired\":true,\"valueName\":\"search_term_string\"}}],\"inLanguage\":\"en-US\"},{\"@type\":\"Organization\",\"@id\":\"https:\\\/\\\/sockerslottet.com\\\/#organization\",\"name\":\"Sockerslottet\",\"url\":\"https:\\\/\\\/sockerslottet.com\\\/\",\"logo\":{\"@type\":\"ImageObject\",\"inLanguage\":\"en-US\",\"@id\":\"https:\\\/\\\/sockerslottet.com\\\/#\\\/schema\\\/logo\\\/image\\\/\",\"url\":\"https:\\\/\\\/sockerslottet.com\\\/wp-content\\\/uploads\\\/2023\\\/06\\\/sockerslottet_logotyp.png\",\"contentUrl\":\"https:\\\/\\\/sockerslottet.com\\\/wp-content\\\/uploads\\\/2023\\\/06\\\/sockerslottet_logotyp.png\",\"width\":300,\"height\":176,\"caption\":\"Sockerslottet\"},\"image\":{\"@id\":\"https:\\\/\\\/sockerslottet.com\\\/#\\\/schema\\\/logo\\\/image\\\/\"},\"sameAs\":[\"https:\\\/\\\/www.facebook.com\\\/Sockerslottet\",\"https:\\\/\\\/www.instagram.com\\\/sockerslottet\\\/\"]}]}<\/script>\n<!-- \/ Yoast SEO plugin. -->","yoast_head_json":{"title":"Passion Fever, Lakritsbolaget - Sockerslottet","robots":{"index":"index","follow":"follow","max-snippet":"max-snippet:-1","max-image-preview":"max-image-preview:large","max-video-preview":"max-video-preview:-1"},"canonical":"https:\/\/sockerslottet.com\/produkt\/passion-fever-lakritsbolaget\/","og_locale":"en_US","og_type":"article","og_title":"Passion Fever, Lakritsbolaget - Sockerslottet","og_description":"Vit chokladdragerad lakrits med smak av passion (Glutenfri) En tropisk f\u00f6rf\u00f6relse d\u00e4r silkeslen vit choklad sm\u00e4lter samman med syrlig passionsfrukt och mjuk lakrits. Frisk, fruktig och fyllig \u2013 en het smakupplevelse som v\u00e4cker alla sinnen och l\u00e4mnar dig med smak av mer. Ingredienser:Socker, kakaosm\u00f6r, helmj\u00f6lkspulver, sirap, majsmj\u00f6l, invertsocker, lakrits (1,7 %), passionsfruktspulver (1,6 %), salt, [&hellip;]","og_url":"https:\/\/sockerslottet.com\/produkt\/passion-fever-lakritsbolaget\/","og_site_name":"Sockerslottet","article_publisher":"https:\/\/www.facebook.com\/Sockerslottet","article_modified_time":"2026-04-01T09:04:34+00:00","og_image":[{"width":1200,"height":840,"url":"https:\/\/sockerslottet.com\/wp-content\/uploads\/2026\/03\/pa2.webp","type":"image\/webp"}],"twitter_card":"summary_large_image","schema":{"@context":"https:\/\/schema.org","@graph":[{"@type":"WebPage","@id":"https:\/\/sockerslottet.com\/produkt\/passion-fever-lakritsbolaget\/","url":"https:\/\/sockerslottet.com\/produkt\/passion-fever-lakritsbolaget\/","name":"Passion Fever, Lakritsbolaget - Sockerslottet","isPartOf":{"@id":"https:\/\/sockerslottet.com\/#website"},"primaryImageOfPage":{"@id":"https:\/\/sockerslottet.com\/produkt\/passion-fever-lakritsbolaget\/#primaryimage"},"image":{"@id":"https:\/\/sockerslottet.com\/produkt\/passion-fever-lakritsbolaget\/#primaryimage"},"thumbnailUrl":"https:\/\/sockerslottet.com\/wp-content\/uploads\/2026\/03\/pa2.webp","datePublished":"2026-03-23T18:07:22+00:00","dateModified":"2026-04-01T09:04:34+00:00","breadcrumb":{"@id":"https:\/\/sockerslottet.com\/produkt\/passion-fever-lakritsbolaget\/#breadcrumb"},"inLanguage":"en-US","potentialAction":[{"@type":"ReadAction","target":["https:\/\/sockerslottet.com\/produkt\/passion-fever-lakritsbolaget\/"]}]},{"@type":"ImageObject","inLanguage":"en-US","@id":"https:\/\/sockerslottet.com\/produkt\/passion-fever-lakritsbolaget\/#primaryimage","url":"https:\/\/sockerslottet.com\/wp-content\/uploads\/2026\/03\/pa2.webp","contentUrl":"https:\/\/sockerslottet.com\/wp-content\/uploads\/2026\/03\/pa2.webp","width":1200,"height":840},{"@type":"BreadcrumbList","@id":"https:\/\/sockerslottet.com\/produkt\/passion-fever-lakritsbolaget\/#breadcrumb","itemListElement":[{"@type":"ListItem","position":1,"name":"Hem","item":"https:\/\/sockerslottet.com\/en\/startsida\/"},{"@type":"ListItem","position":2,"name":"Passion Fever, Lakritsbolaget"}]},{"@type":"WebSite","@id":"https:\/\/sockerslottet.com\/#website","url":"https:\/\/sockerslottet.com\/","name":"Sockerslottet","description":"Chokladbutiken i Sockerslottet, Sockerslottets Hotell, v\u00e5ra olika webbutiker eller om du \u00e4r intresserad av att best\u00e4lla en t\u00e5rta, g\u00e5 p\u00e5 kurs eller komma i kontakt med Gunilla Wall","publisher":{"@id":"https:\/\/sockerslottet.com\/#organization"},"potentialAction":[{"@type":"SearchAction","target":{"@type":"EntryPoint","urlTemplate":"https:\/\/sockerslottet.com\/?s={search_term_string}"},"query-input":{"@type":"PropertyValueSpecification","valueRequired":true,"valueName":"search_term_string"}}],"inLanguage":"en-US"},{"@type":"Organization","@id":"https:\/\/sockerslottet.com\/#organization","name":"Sockerslottet","url":"https:\/\/sockerslottet.com\/","logo":{"@type":"ImageObject","inLanguage":"en-US","@id":"https:\/\/sockerslottet.com\/#\/schema\/logo\/image\/","url":"https:\/\/sockerslottet.com\/wp-content\/uploads\/2023\/06\/sockerslottet_logotyp.png","contentUrl":"https:\/\/sockerslottet.com\/wp-content\/uploads\/2023\/06\/sockerslottet_logotyp.png","width":300,"height":176,"caption":"Sockerslottet"},"image":{"@id":"https:\/\/sockerslottet.com\/#\/schema\/logo\/image\/"},"sameAs":["https:\/\/www.facebook.com\/Sockerslottet","https:\/\/www.instagram.com\/sockerslottet\/"]}]}},"_links":{"self":[{"href":"https:\/\/sockerslottet.com\/en\/wp-json\/wp\/v2\/product\/22991846","targetHints":{"allow":["GET"]}}],"collection":[{"href":"https:\/\/sockerslottet.com\/en\/wp-json\/wp\/v2\/product"}],"about":[{"href":"https:\/\/sockerslottet.com\/en\/wp-json\/wp\/v2\/types\/product"}],"replies":[{"embeddable":true,"href":"https:\/\/sockerslottet.com\/en\/wp-json\/wp\/v2\/comments?post=22991846"}],"wp:featuredmedia":[{"embeddable":true,"href":"https:\/\/sockerslottet.com\/en\/wp-json\/wp\/v2\/media\/22991840"}],"wp:attachment":[{"href":"https:\/\/sockerslottet.com\/en\/wp-json\/wp\/v2\/media?parent=22991846"}],"wp:term":[{"taxonomy":"product_brand","embeddable":true,"href":"https:\/\/sockerslottet.com\/en\/wp-json\/wp\/v2\/product_brand?post=22991846"},{"taxonomy":"product_cat","embeddable":true,"href":"https:\/\/sockerslottet.com\/en\/wp-json\/wp\/v2\/product_cat?post=22991846"},{"taxonomy":"product_tag","embeddable":true,"href":"https:\/\/sockerslottet.com\/en\/wp-json\/wp\/v2\/product_tag?post=22991846"}],"curies":[{"name":"wp","href":"https:\/\/api.w.org\/{rel}","templated":true}]}}