{"id":22991916,"date":"2026-03-24T16:37:48","date_gmt":"2026-03-24T15:37:48","guid":{"rendered":"https:\/\/sockerslottet.com\/?post_type=product&#038;p=22991916"},"modified":"2026-03-24T16:39:04","modified_gmt":"2026-03-24T15:39:04","slug":"lopare-golden-lily-ekelund","status":"publish","type":"product","link":"https:\/\/sockerslottet.com\/en\/produkt\/lopare-golden-lily-ekelund\/","title":{"rendered":"Golden Lily, L\u00f6pare, Ekelund"},"content":{"rendered":"<p data-start=\"0\" data-end=\"316\">L\u00f6parei bomull, 35&#215;120 cm med m\u00f6nster fr\u00e5n William Morris. Tillverkad av 100 % ekologiska r\u00e5varor och producerad h\u00e5llbart i Ekelunds v\u00e4veri i Horred, Sverige.<\/p>\n<p data-start=\"0\" data-end=\"316\">T\u00e5l 60 graders tv\u00e4tt.<\/p>\n<p>&nbsp;<\/p>\n","protected":false},"excerpt":{"rendered":"<p>L\u00f6parei bomull, 35&#215;120 cm med m\u00f6nster fr\u00e5n William Morris. Tillverkad av 100 % ekologiska r\u00e5varor och producerad h\u00e5llbart i Ekelunds v\u00e4veri i Horred, Sverige. T\u00e5l 60 graders tv\u00e4tt. &nbsp;<\/p>\n","protected":false},"featured_media":22991910,"comment_status":"open","ping_status":"closed","template":"","meta":{"_et_pb_use_builder":"","_et_pb_old_content":"","_et_gb_content_width":""},"product_brand":[],"product_cat":[59],"product_tag":[],"class_list":{"0":"post-22991916","1":"product","2":"type-product","3":"status-publish","4":"has-post-thumbnail","6":"product_cat-kokshanddukar","8":"first","9":"instock","10":"taxable","11":"shipping-taxable","12":"purchasable","13":"product-type-simple"},"yoast_head":"<!-- This site is optimized with the Yoast SEO plugin v27.3 - https:\/\/yoast.com\/product\/yoast-seo-wordpress\/ -->\n<title>Golden Lily, L\u00f6pare, Ekelund - Sockerslottet<\/title>\n<meta name=\"robots\" content=\"index, follow, max-snippet:-1, max-image-preview:large, max-video-preview:-1\" \/>\n<link rel=\"canonical\" href=\"https:\/\/sockerslottet.com\/produkt\/lopare-golden-lily-ekelund\/\" \/>\n<meta property=\"og:locale\" content=\"en_US\" \/>\n<meta property=\"og:type\" content=\"article\" \/>\n<meta property=\"og:title\" content=\"Golden Lily, L\u00f6pare, Ekelund - Sockerslottet\" \/>\n<meta property=\"og:description\" content=\"L\u00f6parei bomull, 35&#215;120 cm med m\u00f6nster fr\u00e5n William Morris. Tillverkad av 100 % ekologiska r\u00e5varor och producerad h\u00e5llbart i Ekelunds v\u00e4veri i Horred, Sverige. T\u00e5l 60 graders tv\u00e4tt. &nbsp;\" \/>\n<meta property=\"og:url\" content=\"https:\/\/sockerslottet.com\/produkt\/lopare-golden-lily-ekelund\/\" \/>\n<meta property=\"og:site_name\" content=\"Sockerslottet\" \/>\n<meta property=\"article:publisher\" content=\"https:\/\/www.facebook.com\/Sockerslottet\" \/>\n<meta property=\"article:modified_time\" content=\"2026-03-24T15:39:04+00:00\" \/>\n<meta property=\"og:image\" content=\"https:\/\/sockerslottet.com\/wp-content\/uploads\/2026\/03\/A2085_1.webp\" \/>\n\t<meta property=\"og:image:width\" content=\"1200\" \/>\n\t<meta property=\"og:image:height\" content=\"1200\" \/>\n\t<meta property=\"og:image:type\" content=\"image\/webp\" \/>\n<meta name=\"twitter:card\" content=\"summary_large_image\" \/>\n<script type=\"application\/ld+json\" class=\"yoast-schema-graph\">{\"@context\":\"https:\\\/\\\/schema.org\",\"@graph\":[{\"@type\":\"WebPage\",\"@id\":\"https:\\\/\\\/sockerslottet.com\\\/produkt\\\/lopare-golden-lily-ekelund\\\/\",\"url\":\"https:\\\/\\\/sockerslottet.com\\\/produkt\\\/lopare-golden-lily-ekelund\\\/\",\"name\":\"Golden Lily, L\u00f6pare, Ekelund - Sockerslottet\",\"isPartOf\":{\"@id\":\"https:\\\/\\\/sockerslottet.com\\\/#website\"},\"primaryImageOfPage\":{\"@id\":\"https:\\\/\\\/sockerslottet.com\\\/produkt\\\/lopare-golden-lily-ekelund\\\/#primaryimage\"},\"image\":{\"@id\":\"https:\\\/\\\/sockerslottet.com\\\/produkt\\\/lopare-golden-lily-ekelund\\\/#primaryimage\"},\"thumbnailUrl\":\"https:\\\/\\\/sockerslottet.com\\\/wp-content\\\/uploads\\\/2026\\\/03\\\/A2085_1.webp\",\"datePublished\":\"2026-03-24T15:37:48+00:00\",\"dateModified\":\"2026-03-24T15:39:04+00:00\",\"breadcrumb\":{\"@id\":\"https:\\\/\\\/sockerslottet.com\\\/produkt\\\/lopare-golden-lily-ekelund\\\/#breadcrumb\"},\"inLanguage\":\"en-US\",\"potentialAction\":[{\"@type\":\"ReadAction\",\"target\":[\"https:\\\/\\\/sockerslottet.com\\\/produkt\\\/lopare-golden-lily-ekelund\\\/\"]}]},{\"@type\":\"ImageObject\",\"inLanguage\":\"en-US\",\"@id\":\"https:\\\/\\\/sockerslottet.com\\\/produkt\\\/lopare-golden-lily-ekelund\\\/#primaryimage\",\"url\":\"https:\\\/\\\/sockerslottet.com\\\/wp-content\\\/uploads\\\/2026\\\/03\\\/A2085_1.webp\",\"contentUrl\":\"https:\\\/\\\/sockerslottet.com\\\/wp-content\\\/uploads\\\/2026\\\/03\\\/A2085_1.webp\",\"width\":1200,\"height\":1200},{\"@type\":\"BreadcrumbList\",\"@id\":\"https:\\\/\\\/sockerslottet.com\\\/produkt\\\/lopare-golden-lily-ekelund\\\/#breadcrumb\",\"itemListElement\":[{\"@type\":\"ListItem\",\"position\":1,\"name\":\"Hem\",\"item\":\"https:\\\/\\\/sockerslottet.com\\\/en\\\/startsida\\\/\"},{\"@type\":\"ListItem\",\"position\":2,\"name\":\"Golden Lily, L\u00f6pare, Ekelund\"}]},{\"@type\":\"WebSite\",\"@id\":\"https:\\\/\\\/sockerslottet.com\\\/#website\",\"url\":\"https:\\\/\\\/sockerslottet.com\\\/\",\"name\":\"Sockerslottet\",\"description\":\"Chokladbutiken i Sockerslottet, Sockerslottets Hotell, v\u00e5ra olika webbutiker eller om du \u00e4r intresserad av att best\u00e4lla en t\u00e5rta, g\u00e5 p\u00e5 kurs eller komma i kontakt med Gunilla Wall\",\"publisher\":{\"@id\":\"https:\\\/\\\/sockerslottet.com\\\/#organization\"},\"potentialAction\":[{\"@type\":\"SearchAction\",\"target\":{\"@type\":\"EntryPoint\",\"urlTemplate\":\"https:\\\/\\\/sockerslottet.com\\\/?s={search_term_string}\"},\"query-input\":{\"@type\":\"PropertyValueSpecification\",\"valueRequired\":true,\"valueName\":\"search_term_string\"}}],\"inLanguage\":\"en-US\"},{\"@type\":\"Organization\",\"@id\":\"https:\\\/\\\/sockerslottet.com\\\/#organization\",\"name\":\"Sockerslottet\",\"url\":\"https:\\\/\\\/sockerslottet.com\\\/\",\"logo\":{\"@type\":\"ImageObject\",\"inLanguage\":\"en-US\",\"@id\":\"https:\\\/\\\/sockerslottet.com\\\/#\\\/schema\\\/logo\\\/image\\\/\",\"url\":\"https:\\\/\\\/sockerslottet.com\\\/wp-content\\\/uploads\\\/2023\\\/06\\\/sockerslottet_logotyp.png\",\"contentUrl\":\"https:\\\/\\\/sockerslottet.com\\\/wp-content\\\/uploads\\\/2023\\\/06\\\/sockerslottet_logotyp.png\",\"width\":300,\"height\":176,\"caption\":\"Sockerslottet\"},\"image\":{\"@id\":\"https:\\\/\\\/sockerslottet.com\\\/#\\\/schema\\\/logo\\\/image\\\/\"},\"sameAs\":[\"https:\\\/\\\/www.facebook.com\\\/Sockerslottet\",\"https:\\\/\\\/www.instagram.com\\\/sockerslottet\\\/\"]}]}<\/script>\n<!-- \/ Yoast SEO plugin. -->","yoast_head_json":{"title":"Golden Lily, L\u00f6pare, Ekelund - Sockerslottet","robots":{"index":"index","follow":"follow","max-snippet":"max-snippet:-1","max-image-preview":"max-image-preview:large","max-video-preview":"max-video-preview:-1"},"canonical":"https:\/\/sockerslottet.com\/produkt\/lopare-golden-lily-ekelund\/","og_locale":"en_US","og_type":"article","og_title":"Golden Lily, L\u00f6pare, Ekelund - Sockerslottet","og_description":"L\u00f6parei bomull, 35&#215;120 cm med m\u00f6nster fr\u00e5n William Morris. Tillverkad av 100 % ekologiska r\u00e5varor och producerad h\u00e5llbart i Ekelunds v\u00e4veri i Horred, Sverige. T\u00e5l 60 graders tv\u00e4tt. &nbsp;","og_url":"https:\/\/sockerslottet.com\/produkt\/lopare-golden-lily-ekelund\/","og_site_name":"Sockerslottet","article_publisher":"https:\/\/www.facebook.com\/Sockerslottet","article_modified_time":"2026-03-24T15:39:04+00:00","og_image":[{"width":1200,"height":1200,"url":"https:\/\/sockerslottet.com\/wp-content\/uploads\/2026\/03\/A2085_1.webp","type":"image\/webp"}],"twitter_card":"summary_large_image","schema":{"@context":"https:\/\/schema.org","@graph":[{"@type":"WebPage","@id":"https:\/\/sockerslottet.com\/produkt\/lopare-golden-lily-ekelund\/","url":"https:\/\/sockerslottet.com\/produkt\/lopare-golden-lily-ekelund\/","name":"Golden Lily, L\u00f6pare, Ekelund - Sockerslottet","isPartOf":{"@id":"https:\/\/sockerslottet.com\/#website"},"primaryImageOfPage":{"@id":"https:\/\/sockerslottet.com\/produkt\/lopare-golden-lily-ekelund\/#primaryimage"},"image":{"@id":"https:\/\/sockerslottet.com\/produkt\/lopare-golden-lily-ekelund\/#primaryimage"},"thumbnailUrl":"https:\/\/sockerslottet.com\/wp-content\/uploads\/2026\/03\/A2085_1.webp","datePublished":"2026-03-24T15:37:48+00:00","dateModified":"2026-03-24T15:39:04+00:00","breadcrumb":{"@id":"https:\/\/sockerslottet.com\/produkt\/lopare-golden-lily-ekelund\/#breadcrumb"},"inLanguage":"en-US","potentialAction":[{"@type":"ReadAction","target":["https:\/\/sockerslottet.com\/produkt\/lopare-golden-lily-ekelund\/"]}]},{"@type":"ImageObject","inLanguage":"en-US","@id":"https:\/\/sockerslottet.com\/produkt\/lopare-golden-lily-ekelund\/#primaryimage","url":"https:\/\/sockerslottet.com\/wp-content\/uploads\/2026\/03\/A2085_1.webp","contentUrl":"https:\/\/sockerslottet.com\/wp-content\/uploads\/2026\/03\/A2085_1.webp","width":1200,"height":1200},{"@type":"BreadcrumbList","@id":"https:\/\/sockerslottet.com\/produkt\/lopare-golden-lily-ekelund\/#breadcrumb","itemListElement":[{"@type":"ListItem","position":1,"name":"Hem","item":"https:\/\/sockerslottet.com\/en\/startsida\/"},{"@type":"ListItem","position":2,"name":"Golden Lily, L\u00f6pare, Ekelund"}]},{"@type":"WebSite","@id":"https:\/\/sockerslottet.com\/#website","url":"https:\/\/sockerslottet.com\/","name":"Sockerslottet","description":"Chokladbutiken i Sockerslottet, Sockerslottets Hotell, v\u00e5ra olika webbutiker eller om du \u00e4r intresserad av att best\u00e4lla en t\u00e5rta, g\u00e5 p\u00e5 kurs eller komma i kontakt med Gunilla Wall","publisher":{"@id":"https:\/\/sockerslottet.com\/#organization"},"potentialAction":[{"@type":"SearchAction","target":{"@type":"EntryPoint","urlTemplate":"https:\/\/sockerslottet.com\/?s={search_term_string}"},"query-input":{"@type":"PropertyValueSpecification","valueRequired":true,"valueName":"search_term_string"}}],"inLanguage":"en-US"},{"@type":"Organization","@id":"https:\/\/sockerslottet.com\/#organization","name":"Sockerslottet","url":"https:\/\/sockerslottet.com\/","logo":{"@type":"ImageObject","inLanguage":"en-US","@id":"https:\/\/sockerslottet.com\/#\/schema\/logo\/image\/","url":"https:\/\/sockerslottet.com\/wp-content\/uploads\/2023\/06\/sockerslottet_logotyp.png","contentUrl":"https:\/\/sockerslottet.com\/wp-content\/uploads\/2023\/06\/sockerslottet_logotyp.png","width":300,"height":176,"caption":"Sockerslottet"},"image":{"@id":"https:\/\/sockerslottet.com\/#\/schema\/logo\/image\/"},"sameAs":["https:\/\/www.facebook.com\/Sockerslottet","https:\/\/www.instagram.com\/sockerslottet\/"]}]}},"_links":{"self":[{"href":"https:\/\/sockerslottet.com\/en\/wp-json\/wp\/v2\/product\/22991916","targetHints":{"allow":["GET"]}}],"collection":[{"href":"https:\/\/sockerslottet.com\/en\/wp-json\/wp\/v2\/product"}],"about":[{"href":"https:\/\/sockerslottet.com\/en\/wp-json\/wp\/v2\/types\/product"}],"replies":[{"embeddable":true,"href":"https:\/\/sockerslottet.com\/en\/wp-json\/wp\/v2\/comments?post=22991916"}],"wp:featuredmedia":[{"embeddable":true,"href":"https:\/\/sockerslottet.com\/en\/wp-json\/wp\/v2\/media\/22991910"}],"wp:attachment":[{"href":"https:\/\/sockerslottet.com\/en\/wp-json\/wp\/v2\/media?parent=22991916"}],"wp:term":[{"taxonomy":"product_brand","embeddable":true,"href":"https:\/\/sockerslottet.com\/en\/wp-json\/wp\/v2\/product_brand?post=22991916"},{"taxonomy":"product_cat","embeddable":true,"href":"https:\/\/sockerslottet.com\/en\/wp-json\/wp\/v2\/product_cat?post=22991916"},{"taxonomy":"product_tag","embeddable":true,"href":"https:\/\/sockerslottet.com\/en\/wp-json\/wp\/v2\/product_tag?post=22991916"}],"curies":[{"name":"wp","href":"https:\/\/api.w.org\/{rel}","templated":true}]}}