{"id":22992356,"date":"2026-04-08T14:14:25","date_gmt":"2026-04-08T12:14:25","guid":{"rendered":"https:\/\/sockerslottet.com\/?post_type=product&#038;p=22992356"},"modified":"2026-04-08T14:39:25","modified_gmt":"2026-04-08T12:39:25","slug":"sockerslottets-espresso-hela-bonor-500g","status":"publish","type":"product","link":"https:\/\/sockerslottet.com\/en\/produkt\/sockerslottets-espresso-hela-bonor-500g\/","title":{"rendered":"Sockerslottets Espresso, hela b\u00f6nor 500g"},"content":{"rendered":"<p>Har du bott p\u00e5 Sockerslottet har du s\u00e4kert smakat v\u00e5rt goda kaffe. Rostat av Sandby Kafferosteri utanf\u00f6r Lund i Sk\u00e5ne.<br \/>\nDenna espressoblandning best\u00e5r av 100% arabica och \u00e4r en Norditaliensk typ i Skandinavisk tolkning. Rostningen \u00e4r m\u00f6rk, men inte s\u00e5 m\u00f6rk som en italienare skulle ha rostat det. Smakerna fr\u00e5n ursprungen (Brasilien, Costa Rica och Honduras) har bevarats utan att st\u00f6ra smakpaletten med br\u00e4nda inslag. Kaffet har en smakprfoil med l\u00e5g syra, stor kropp och en <strong data-end=\"825\" data-start=\"784\">mjuk, s\u00f6t karakt\u00e4r av n\u00f6t och choklad<\/strong>.<\/p>\n<p class=\"leading-relaxed mb-4\" data-end=\"995\" data-start=\"948\"><strong data-end=\"961\" data-start=\"948\">Ursprung:<\/strong>\u00a0Brasilien, Honduras, Costa Rica<br \/>\n<strong data-end=\"1011\" data-start=\"998\">Rostning:<\/strong>\u00a0M\u00f6rk, men balanserad<br \/>\n<strong data-end=\"1052\" data-start=\"1037\">Smakprofil:<\/strong>\u00a0S\u00f6t n\u00f6tighet, mjuk choklad, relativt l\u00e5g syra, stor fyllighet<br \/>\n<strong data-end=\"1119\" data-start=\"1110\">Stil:<\/strong>\u00a0100 % arabica \u2013 inspirerad av norra Italien<\/p>\n","protected":false},"excerpt":{"rendered":"<p>Har du bott p\u00e5 Sockerslottet har du s\u00e4kert smakat v\u00e5rt goda kaffe. Rostat av Sandby Kafferosteri utanf\u00f6r Lund i Sk\u00e5ne. Denna espressoblandning best\u00e5r av 100% arabica och \u00e4r en Norditaliensk typ i Skandinavisk tolkning. Rostningen \u00e4r m\u00f6rk, men inte s\u00e5 m\u00f6rk som en italienare skulle ha rostat det. Smakerna fr\u00e5n ursprungen (Brasilien, Costa Rica och [&hellip;]<\/p>\n","protected":false},"featured_media":22992357,"comment_status":"open","ping_status":"closed","template":"","meta":{"_et_pb_use_builder":"","_et_pb_old_content":"","_et_gb_content_width":""},"product_brand":[],"product_cat":[58],"product_tag":[],"class_list":{"0":"post-22992356","1":"product","2":"type-product","3":"status-publish","4":"has-post-thumbnail","6":"product_cat-te-och-kaffe","8":"first","9":"instock","10":"taxable","11":"shipping-taxable","12":"purchasable","13":"product-type-simple"},"yoast_head":"<!-- This site is optimized with the Yoast SEO plugin v27.4 - https:\/\/yoast.com\/product\/yoast-seo-wordpress\/ -->\n<title>Sockerslottets Espresso, hela b\u00f6nor 500g - Sockerslottet<\/title>\n<meta name=\"robots\" content=\"index, follow, max-snippet:-1, max-image-preview:large, max-video-preview:-1\" \/>\n<link rel=\"canonical\" href=\"https:\/\/sockerslottet.com\/produkt\/sockerslottets-espresso-hela-bonor-500g\/\" \/>\n<meta property=\"og:locale\" content=\"en_US\" \/>\n<meta property=\"og:type\" content=\"article\" \/>\n<meta property=\"og:title\" content=\"Sockerslottets Espresso, hela b\u00f6nor 500g - Sockerslottet\" \/>\n<meta property=\"og:description\" content=\"Har du bott p\u00e5 Sockerslottet har du s\u00e4kert smakat v\u00e5rt goda kaffe. Rostat av Sandby Kafferosteri utanf\u00f6r Lund i Sk\u00e5ne. Denna espressoblandning best\u00e5r av 100% arabica och \u00e4r en Norditaliensk typ i Skandinavisk tolkning. Rostningen \u00e4r m\u00f6rk, men inte s\u00e5 m\u00f6rk som en italienare skulle ha rostat det. Smakerna fr\u00e5n ursprungen (Brasilien, Costa Rica och [&hellip;]\" \/>\n<meta property=\"og:url\" content=\"https:\/\/sockerslottet.com\/produkt\/sockerslottets-espresso-hela-bonor-500g\/\" \/>\n<meta property=\"og:site_name\" content=\"Sockerslottet\" \/>\n<meta property=\"article:publisher\" content=\"https:\/\/www.facebook.com\/Sockerslottet\" \/>\n<meta property=\"article:modified_time\" content=\"2026-04-08T12:39:25+00:00\" \/>\n<meta property=\"og:image\" content=\"https:\/\/sockerslottet.com\/wp-content\/uploads\/2026\/04\/Espresso-kaffe.jpeg\" \/>\n\t<meta property=\"og:image:width\" content=\"1800\" \/>\n\t<meta property=\"og:image:height\" content=\"2400\" \/>\n\t<meta property=\"og:image:type\" content=\"image\/jpeg\" \/>\n<meta name=\"twitter:card\" content=\"summary_large_image\" \/>\n<meta name=\"twitter:label1\" content=\"Est. reading time\" \/>\n\t<meta name=\"twitter:data1\" content=\"1 minute\" \/>\n<script type=\"application\/ld+json\" class=\"yoast-schema-graph\">{\"@context\":\"https:\\\/\\\/schema.org\",\"@graph\":[{\"@type\":\"WebPage\",\"@id\":\"https:\\\/\\\/sockerslottet.com\\\/produkt\\\/sockerslottets-espresso-hela-bonor-500g\\\/\",\"url\":\"https:\\\/\\\/sockerslottet.com\\\/produkt\\\/sockerslottets-espresso-hela-bonor-500g\\\/\",\"name\":\"Sockerslottets Espresso, hela b\u00f6nor 500g - Sockerslottet\",\"isPartOf\":{\"@id\":\"https:\\\/\\\/sockerslottet.com\\\/#website\"},\"primaryImageOfPage\":{\"@id\":\"https:\\\/\\\/sockerslottet.com\\\/produkt\\\/sockerslottets-espresso-hela-bonor-500g\\\/#primaryimage\"},\"image\":{\"@id\":\"https:\\\/\\\/sockerslottet.com\\\/produkt\\\/sockerslottets-espresso-hela-bonor-500g\\\/#primaryimage\"},\"thumbnailUrl\":\"https:\\\/\\\/sockerslottet.com\\\/wp-content\\\/uploads\\\/2026\\\/04\\\/Espresso-kaffe.jpeg\",\"datePublished\":\"2026-04-08T12:14:25+00:00\",\"dateModified\":\"2026-04-08T12:39:25+00:00\",\"breadcrumb\":{\"@id\":\"https:\\\/\\\/sockerslottet.com\\\/produkt\\\/sockerslottets-espresso-hela-bonor-500g\\\/#breadcrumb\"},\"inLanguage\":\"en-US\",\"potentialAction\":[{\"@type\":\"ReadAction\",\"target\":[\"https:\\\/\\\/sockerslottet.com\\\/produkt\\\/sockerslottets-espresso-hela-bonor-500g\\\/\"]}]},{\"@type\":\"ImageObject\",\"inLanguage\":\"en-US\",\"@id\":\"https:\\\/\\\/sockerslottet.com\\\/produkt\\\/sockerslottets-espresso-hela-bonor-500g\\\/#primaryimage\",\"url\":\"https:\\\/\\\/sockerslottet.com\\\/wp-content\\\/uploads\\\/2026\\\/04\\\/Espresso-kaffe.jpeg\",\"contentUrl\":\"https:\\\/\\\/sockerslottet.com\\\/wp-content\\\/uploads\\\/2026\\\/04\\\/Espresso-kaffe.jpeg\",\"width\":1800,\"height\":2400},{\"@type\":\"BreadcrumbList\",\"@id\":\"https:\\\/\\\/sockerslottet.com\\\/produkt\\\/sockerslottets-espresso-hela-bonor-500g\\\/#breadcrumb\",\"itemListElement\":[{\"@type\":\"ListItem\",\"position\":1,\"name\":\"Hem\",\"item\":\"https:\\\/\\\/sockerslottet.com\\\/en\\\/startsida\\\/\"},{\"@type\":\"ListItem\",\"position\":2,\"name\":\"Sockerslottets Espresso, hela b\u00f6nor 500g\"}]},{\"@type\":\"WebSite\",\"@id\":\"https:\\\/\\\/sockerslottet.com\\\/#website\",\"url\":\"https:\\\/\\\/sockerslottet.com\\\/\",\"name\":\"Sockerslottet\",\"description\":\"Chokladbutiken i Sockerslottet, Sockerslottets Hotell, v\u00e5ra olika webbutiker eller om du \u00e4r intresserad av att best\u00e4lla en t\u00e5rta, g\u00e5 p\u00e5 kurs eller komma i kontakt med Gunilla Wall\",\"publisher\":{\"@id\":\"https:\\\/\\\/sockerslottet.com\\\/#organization\"},\"potentialAction\":[{\"@type\":\"SearchAction\",\"target\":{\"@type\":\"EntryPoint\",\"urlTemplate\":\"https:\\\/\\\/sockerslottet.com\\\/?s={search_term_string}\"},\"query-input\":{\"@type\":\"PropertyValueSpecification\",\"valueRequired\":true,\"valueName\":\"search_term_string\"}}],\"inLanguage\":\"en-US\"},{\"@type\":\"Organization\",\"@id\":\"https:\\\/\\\/sockerslottet.com\\\/#organization\",\"name\":\"Sockerslottet\",\"url\":\"https:\\\/\\\/sockerslottet.com\\\/\",\"logo\":{\"@type\":\"ImageObject\",\"inLanguage\":\"en-US\",\"@id\":\"https:\\\/\\\/sockerslottet.com\\\/#\\\/schema\\\/logo\\\/image\\\/\",\"url\":\"https:\\\/\\\/sockerslottet.com\\\/wp-content\\\/uploads\\\/2023\\\/06\\\/sockerslottet_logotyp.png\",\"contentUrl\":\"https:\\\/\\\/sockerslottet.com\\\/wp-content\\\/uploads\\\/2023\\\/06\\\/sockerslottet_logotyp.png\",\"width\":300,\"height\":176,\"caption\":\"Sockerslottet\"},\"image\":{\"@id\":\"https:\\\/\\\/sockerslottet.com\\\/#\\\/schema\\\/logo\\\/image\\\/\"},\"sameAs\":[\"https:\\\/\\\/www.facebook.com\\\/Sockerslottet\",\"https:\\\/\\\/www.instagram.com\\\/sockerslottet\\\/\"]}]}<\/script>\n<!-- \/ Yoast SEO plugin. -->","yoast_head_json":{"title":"Sockerslottets Espresso, hela b\u00f6nor 500g - Sockerslottet","robots":{"index":"index","follow":"follow","max-snippet":"max-snippet:-1","max-image-preview":"max-image-preview:large","max-video-preview":"max-video-preview:-1"},"canonical":"https:\/\/sockerslottet.com\/produkt\/sockerslottets-espresso-hela-bonor-500g\/","og_locale":"en_US","og_type":"article","og_title":"Sockerslottets Espresso, hela b\u00f6nor 500g - Sockerslottet","og_description":"Har du bott p\u00e5 Sockerslottet har du s\u00e4kert smakat v\u00e5rt goda kaffe. Rostat av Sandby Kafferosteri utanf\u00f6r Lund i Sk\u00e5ne. Denna espressoblandning best\u00e5r av 100% arabica och \u00e4r en Norditaliensk typ i Skandinavisk tolkning. Rostningen \u00e4r m\u00f6rk, men inte s\u00e5 m\u00f6rk som en italienare skulle ha rostat det. Smakerna fr\u00e5n ursprungen (Brasilien, Costa Rica och [&hellip;]","og_url":"https:\/\/sockerslottet.com\/produkt\/sockerslottets-espresso-hela-bonor-500g\/","og_site_name":"Sockerslottet","article_publisher":"https:\/\/www.facebook.com\/Sockerslottet","article_modified_time":"2026-04-08T12:39:25+00:00","og_image":[{"width":1800,"height":2400,"url":"https:\/\/sockerslottet.com\/wp-content\/uploads\/2026\/04\/Espresso-kaffe.jpeg","type":"image\/jpeg"}],"twitter_card":"summary_large_image","twitter_misc":{"Est. reading time":"1 minute"},"schema":{"@context":"https:\/\/schema.org","@graph":[{"@type":"WebPage","@id":"https:\/\/sockerslottet.com\/produkt\/sockerslottets-espresso-hela-bonor-500g\/","url":"https:\/\/sockerslottet.com\/produkt\/sockerslottets-espresso-hela-bonor-500g\/","name":"Sockerslottets Espresso, hela b\u00f6nor 500g - Sockerslottet","isPartOf":{"@id":"https:\/\/sockerslottet.com\/#website"},"primaryImageOfPage":{"@id":"https:\/\/sockerslottet.com\/produkt\/sockerslottets-espresso-hela-bonor-500g\/#primaryimage"},"image":{"@id":"https:\/\/sockerslottet.com\/produkt\/sockerslottets-espresso-hela-bonor-500g\/#primaryimage"},"thumbnailUrl":"https:\/\/sockerslottet.com\/wp-content\/uploads\/2026\/04\/Espresso-kaffe.jpeg","datePublished":"2026-04-08T12:14:25+00:00","dateModified":"2026-04-08T12:39:25+00:00","breadcrumb":{"@id":"https:\/\/sockerslottet.com\/produkt\/sockerslottets-espresso-hela-bonor-500g\/#breadcrumb"},"inLanguage":"en-US","potentialAction":[{"@type":"ReadAction","target":["https:\/\/sockerslottet.com\/produkt\/sockerslottets-espresso-hela-bonor-500g\/"]}]},{"@type":"ImageObject","inLanguage":"en-US","@id":"https:\/\/sockerslottet.com\/produkt\/sockerslottets-espresso-hela-bonor-500g\/#primaryimage","url":"https:\/\/sockerslottet.com\/wp-content\/uploads\/2026\/04\/Espresso-kaffe.jpeg","contentUrl":"https:\/\/sockerslottet.com\/wp-content\/uploads\/2026\/04\/Espresso-kaffe.jpeg","width":1800,"height":2400},{"@type":"BreadcrumbList","@id":"https:\/\/sockerslottet.com\/produkt\/sockerslottets-espresso-hela-bonor-500g\/#breadcrumb","itemListElement":[{"@type":"ListItem","position":1,"name":"Hem","item":"https:\/\/sockerslottet.com\/en\/startsida\/"},{"@type":"ListItem","position":2,"name":"Sockerslottets Espresso, hela b\u00f6nor 500g"}]},{"@type":"WebSite","@id":"https:\/\/sockerslottet.com\/#website","url":"https:\/\/sockerslottet.com\/","name":"Sockerslottet","description":"Chokladbutiken i Sockerslottet, Sockerslottets Hotell, v\u00e5ra olika webbutiker eller om du \u00e4r intresserad av att best\u00e4lla en t\u00e5rta, g\u00e5 p\u00e5 kurs eller komma i kontakt med Gunilla Wall","publisher":{"@id":"https:\/\/sockerslottet.com\/#organization"},"potentialAction":[{"@type":"SearchAction","target":{"@type":"EntryPoint","urlTemplate":"https:\/\/sockerslottet.com\/?s={search_term_string}"},"query-input":{"@type":"PropertyValueSpecification","valueRequired":true,"valueName":"search_term_string"}}],"inLanguage":"en-US"},{"@type":"Organization","@id":"https:\/\/sockerslottet.com\/#organization","name":"Sockerslottet","url":"https:\/\/sockerslottet.com\/","logo":{"@type":"ImageObject","inLanguage":"en-US","@id":"https:\/\/sockerslottet.com\/#\/schema\/logo\/image\/","url":"https:\/\/sockerslottet.com\/wp-content\/uploads\/2023\/06\/sockerslottet_logotyp.png","contentUrl":"https:\/\/sockerslottet.com\/wp-content\/uploads\/2023\/06\/sockerslottet_logotyp.png","width":300,"height":176,"caption":"Sockerslottet"},"image":{"@id":"https:\/\/sockerslottet.com\/#\/schema\/logo\/image\/"},"sameAs":["https:\/\/www.facebook.com\/Sockerslottet","https:\/\/www.instagram.com\/sockerslottet\/"]}]}},"_links":{"self":[{"href":"https:\/\/sockerslottet.com\/en\/wp-json\/wp\/v2\/product\/22992356","targetHints":{"allow":["GET"]}}],"collection":[{"href":"https:\/\/sockerslottet.com\/en\/wp-json\/wp\/v2\/product"}],"about":[{"href":"https:\/\/sockerslottet.com\/en\/wp-json\/wp\/v2\/types\/product"}],"replies":[{"embeddable":true,"href":"https:\/\/sockerslottet.com\/en\/wp-json\/wp\/v2\/comments?post=22992356"}],"wp:featuredmedia":[{"embeddable":true,"href":"https:\/\/sockerslottet.com\/en\/wp-json\/wp\/v2\/media\/22992357"}],"wp:attachment":[{"href":"https:\/\/sockerslottet.com\/en\/wp-json\/wp\/v2\/media?parent=22992356"}],"wp:term":[{"taxonomy":"product_brand","embeddable":true,"href":"https:\/\/sockerslottet.com\/en\/wp-json\/wp\/v2\/product_brand?post=22992356"},{"taxonomy":"product_cat","embeddable":true,"href":"https:\/\/sockerslottet.com\/en\/wp-json\/wp\/v2\/product_cat?post=22992356"},{"taxonomy":"product_tag","embeddable":true,"href":"https:\/\/sockerslottet.com\/en\/wp-json\/wp\/v2\/product_tag?post=22992356"}],"curies":[{"name":"wp","href":"https:\/\/api.w.org\/{rel}","templated":true}]}}